{"id":1964,"date":"2021-11-05T14:41:27","date_gmt":"2021-11-05T14:41:27","guid":{"rendered":"https:\/\/sundirect.ee\/?page_id=1964"},"modified":"2023-01-23T07:56:38","modified_gmt":"2023-01-23T07:56:38","slug":"smart-infrared-stone-heater-600-pro","status":"publish","type":"page","link":"https:\/\/sundirect.ee\/et\/infrapuna-kuttepaneel-kivipinnaga\/","title":{"rendered":"Nutikas infrapunakivisoojendi - STONE800-Pro"},"content":{"rendered":"<div class=\"wp-block-columns is-layout-flex wp-container-core-columns-is-layout-9d6595d7 wp-block-columns-is-layout-flex\">\n<div class=\"wp-block-column is-layout-flow wp-block-column-is-layout-flow\" style=\"flex-basis:100%\">\n<p><img loading=\"lazy\" decoding=\"async\" src=\"https:\/\/sundirect.ee\/wp-content\/uploads\/2021\/11\/ia_1300000003.jpg\" sizes=\"auto, (max-width: 2000px) 100vw, 2000px\" srcset=\"https:\/\/sundirect.ee\/wp-content\/uploads\/2021\/11\/ia_1300000003.jpg 2000w, https:\/\/sundirect.ee\/wp-content\/uploads\/2021\/11\/ia_1300000003-300x100.jpg 300w, https:\/\/sundirect.ee\/wp-content\/uploads\/2021\/11\/ia_1300000003-1024x341.jpg 1024w, https:\/\/sundirect.ee\/wp-content\/uploads\/2021\/11\/ia_1300000003-768x256.jpg 768w, https:\/\/sundirect.ee\/wp-content\/uploads\/2021\/11\/ia_1300000003-1536x511.jpg 1536w\" alt=\"\" width=\"2000\" height=\"666\" \/><\/p>\n<h2>Nutikas infrapuna kivipinnaga k\u00fcttepaneel- STONE600-Pro<\/h2>\n<p>Sundirect Stone800-Pro on k\u00f5rgekvaliteediline Wifi teel juhitav kivik\u00fctteseade, millel on 3D-struktuuriga pind. Stone600-Pro pakub v\u00e4ga mugavat infrapunak\u00fcttekogemust ning ajatu ja ainulaadset disaini, mis on samal ajal inspireeritud loodusest. Luksusliku v\u00e4ljan\u00e4gemisega k\u00fctteseade on ideaalne t\u00e4iendus nii elutuppa kui ka vannituppa. Stone800-Pro on IP44-klassifikatsiooniga, mis muudab selle kasutatavaks vannitubades. Selle tagak\u00fclg on varustatud kinnitusaukudega, et lisada 3 valikulist r\u00e4tikukangi (mudel nr.TR003), nii et seda saab kasutada ka r\u00e4tikusooja.<\/p>\n<p>See infrapunakiirgur on varustatud meie Easy-Fit paigalduslahendusega, mis tagab lihtsa ja turvalise paigalduse seinale, kasutades selle ainulaadset klambrit. Paneeli paigaldamiseks ei ole vaja mingeid lisatarvikuid.<\/p>\n<p>Stone800- Pro-l on integreeritud temperatuuri kontrollkast ja see t\u00f6\u00f6tab koos Sundirect Smart Appiga, et seda saaks kasutada eemalt oma mobiiltelefoni kaudu. \u00dclimaks mugavuseks saab seda h\u00e4\u00e4lega juhtida Alexa ja Google Home'i kaudu.<\/p>\n<p>Sundirect pakub 5-aastast garantiid k\u00fcttes\u00fcsteemile ja 2-aastast garantiid juhtimisseadmetele.<\/p>\n<p>Eelmine<br \/>J\u00e4rgmine<\/p>\n<h2>Omadused<\/h2>\n<ul>\n<li>Disaini kivipind<\/li>\n<li>Wifi juhtimine APP-i kaudu<\/li>\n<\/ul>\n<ul>\n<li>Integreeritud juhtimiss\u00fcsteem<\/li>\n<li>Grupi juhtimine APP-i kaudu<\/li>\n<\/ul>\n<ul>\n<li>Lihtne paigalduslahendus<\/li>\n<\/ul>\n<p><img loading=\"lazy\" decoding=\"async\" src=\"https:\/\/sundirect.ee\/wp-content\/uploads\/2021\/11\/ia_600000026-300x75.png\" sizes=\"auto, (max-width: 300px) 100vw, 300px\" srcset=\"https:\/\/sundirect.ee\/wp-content\/uploads\/2021\/11\/ia_600000026-300x75.png 300w, https:\/\/sundirect.ee\/wp-content\/uploads\/2021\/11\/ia_600000026-1024x255.png 1024w, https:\/\/sundirect.ee\/wp-content\/uploads\/2021\/11\/ia_600000026-768x191.png 768w, https:\/\/sundirect.ee\/wp-content\/uploads\/2021\/11\/ia_600000026.png 1507w\" alt=\"\" width=\"300\" height=\"75\" \/><br \/><img loading=\"lazy\" decoding=\"async\" src=\"https:\/\/sundirect.ee\/wp-content\/uploads\/2021\/11\/ia_600000030-300x58.png\" sizes=\"auto, (max-width: 300px) 100vw, 300px\" srcset=\"https:\/\/sundirect.ee\/wp-content\/uploads\/2021\/11\/ia_600000030-300x58.png 300w, https:\/\/sundirect.ee\/wp-content\/uploads\/2021\/11\/ia_600000030-1024x197.png 1024w, https:\/\/sundirect.ee\/wp-content\/uploads\/2021\/11\/ia_600000030-768x148.png 768w, https:\/\/sundirect.ee\/wp-content\/uploads\/2021\/11\/ia_600000030-1536x296.png 1536w, https:\/\/sundirect.ee\/wp-content\/uploads\/2021\/11\/ia_600000030.png 1730w\" alt=\"\" width=\"300\" height=\"58\" \/><br \/><img loading=\"lazy\" decoding=\"async\" src=\"https:\/\/sundirect.ee\/wp-content\/uploads\/2021\/11\/ia_1300000056-768x512.jpg\" sizes=\"auto, (max-width: 768px) 100vw, 768px\" srcset=\"https:\/\/sundirect.ee\/wp-content\/uploads\/2021\/11\/ia_1300000056-768x512.jpg 768w, https:\/\/sundirect.ee\/wp-content\/uploads\/2021\/11\/ia_1300000056-300x200.jpg 300w, https:\/\/sundirect.ee\/wp-content\/uploads\/2021\/11\/ia_1300000056-1024x683.jpg 1024w, https:\/\/sundirect.ee\/wp-content\/uploads\/2021\/11\/ia_1300000056-1536x1024.jpg 1536w, https:\/\/sundirect.ee\/wp-content\/uploads\/2021\/11\/ia_1300000056-2048x1366.jpg 2048w\" alt=\"\" width=\"768\" height=\"512\" \/><\/p>\n<p><strong>Sisseehitatud Wifi juhtimiss\u00fcsteem<\/strong><\/p>\n<p>Sundirect Stone800-Pro infrapunak\u00fcttepaneelil on paneeli tagak\u00fcljel sisseehitatud termostaat, mis suhtleb Sundirct Smart App'iga. Koos rakendusega vastab see t\u00e4ielikult ELi ErP-m\u00e4\u00e4rusele (\u00f6kodisaini direktiiv). Lihtsalt laadige rakendus alla Appstore'ist v\u00f5i Playstore'ist.<\/p>\n<p><strong>Lisateave ErP m\u00e4\u00e4ruse kohta<\/strong><\/p>\n<p><strong>Lisateave meie nutika k\u00fctte rakenduse kohta<\/strong><\/p>\n<h2>Mudelivalik<\/h2>\n<p><strong>Mudel\u00a0<\/strong><\/p>\n<p>STONE800-Pro<\/p>\n<p><strong>V\u00f5imsus<\/strong><\/p>\n<p>800W<\/p>\n<p><strong>Suurus<\/strong><\/p>\n<p>60*120cm<\/p>\n<p><strong>Kaal<\/strong><\/p>\n<p>20.0Kg<\/p>\n<p><strong>Paigaldus<\/strong><\/p>\n<p>seinakinnitus<\/p>\n<p><strong>Sooja ala\u00a0<\/strong><\/p>\n<p>6-12m\u00b2<\/p>\n<p><a role=\"button\" href=\"https:\/\/sundirect.ee\/wp-content\/uploads\/2021\/11\/Sundirect-infrared-heater-catalog-2020-21-english-20201002-mini.pdf\"><br \/>Kataloogi allalaadimine<br \/><\/a><br \/><a role=\"button\" href=\"https:\/\/sundirect.ee\/wp-content\/uploads\/2021\/11\/Stone600-Pro-user-manual-20200810.pdf\"><br \/>Juhendi allalaadimine<br \/><\/a><\/p>\n<\/div>\n<\/div>","protected":false},"excerpt":{"rendered":"<p>Nutikas infrapunakivisoojendi - STONE600-Pro Sundirect Stone800-Pro on k\u00f5rgekvaliteediline Wifi juhitav kivisoojendi, millel on 3D-struktuuriga pind. Stone600-Pro pakub v\u00e4ga mugavat infrapunak\u00fcttekogemust ning ajatu ja ainulaadset disaini, mis on samal ajal inspireeritud loodusest. Luksusliku v\u00e4ljan\u00e4gemisega k\u00fctteseade on ideaalne t\u00e4iendus elutubadesse ja vannitubadesse ...<\/p>\n<p class=\"read-more\"> <a class=\"\" href=\"https:\/\/sundirect.ee\/et\/infrapuna-kuttepaneel-kivipinnaga\/\"> <span class=\"screen-reader-text\">Nutikas infrapunakivisoojendi - STONE800-Pro<\/span> Loe edasi \"<\/a><\/p>","protected":false},"author":1,"featured_media":0,"parent":0,"menu_order":0,"comment_status":"closed","ping_status":"closed","template":"","meta":{"site-sidebar-layout":"no-sidebar","site-content-layout":"page-builder","ast-main-header-display":"","ast-hfb-above-header-display":"","ast-hfb-below-header-display":"","ast-hfb-mobile-header-display":"","site-post-title":"disabled","ast-breadcrumbs-content":"","ast-featured-img":"disabled","footer-sml-layout":"","theme-transparent-header-meta":"","adv-header-id-meta":"","stick-header-meta":"","header-above-stick-meta":"","header-main-stick-meta":"","header-below-stick-meta":"","footnotes":""},"class_list":["post-1964","page","type-page","status-publish","hentry"],"yoast_head":"<!-- This site is optimized with the Yoast SEO plugin v27.3 - https:\/\/yoast.com\/product\/yoast-seo-wordpress\/ -->\n<title>Smart Infrared Stone Heater \u2013 STONE800-Pro<\/title>\n<meta name=\"description\" content=\"Smart Infrared Stone Heater \u2013 STONE600-Pro Sundirect Stone800-Pro is a premium Wifi-controllable stone heater with a 3D structure surface. The\" \/>\n<meta name=\"robots\" content=\"index, follow, max-snippet:-1, max-image-preview:large, max-video-preview:-1\" \/>\n<link rel=\"canonical\" href=\"https:\/\/sundirect.ee\/et\/infrapuna-kuttepaneel-kivipinnaga\/\" \/>\n<meta property=\"og:locale\" content=\"et_EE\" \/>\n<meta property=\"og:type\" content=\"article\" \/>\n<meta property=\"og:title\" content=\"Smart Infrared Stone Heater \u2013 STONE800-Pro\" \/>\n<meta property=\"og:description\" content=\"Smart Infrared Stone Heater \u2013 STONE600-Pro Sundirect Stone800-Pro is a premium Wifi-controllable stone heater with a 3D structure surface. The\" \/>\n<meta property=\"og:url\" content=\"https:\/\/sundirect.ee\/et\/infrapuna-kuttepaneel-kivipinnaga\/\" \/>\n<meta property=\"og:site_name\" content=\"Sundirect\" \/>\n<meta property=\"article:modified_time\" content=\"2023-01-23T07:56:38+00:00\" \/>\n<meta property=\"og:image\" content=\"https:\/\/sundirect.ee\/wp-content\/uploads\/2021\/11\/ia_1300000003.jpg\" \/>\n<meta name=\"twitter:card\" content=\"summary_large_image\" \/>\n<meta name=\"twitter:label1\" content=\"Est. reading time\" \/>\n\t<meta name=\"twitter:data1\" content=\"1 minut\" \/>\n<script type=\"application\/ld+json\" class=\"yoast-schema-graph\">{\"@context\":\"https:\\\/\\\/schema.org\",\"@graph\":[{\"@type\":\"WebPage\",\"@id\":\"https:\\\/\\\/sundirect.ee\\\/infrapuna-kuttepaneel-kivipinnaga\\\/\",\"url\":\"https:\\\/\\\/sundirect.ee\\\/infrapuna-kuttepaneel-kivipinnaga\\\/\",\"name\":\"Smart Infrared Stone Heater \u2013 STONE800-Pro\",\"isPartOf\":{\"@id\":\"https:\\\/\\\/sundirect.ee\\\/#website\"},\"primaryImageOfPage\":{\"@id\":\"https:\\\/\\\/sundirect.ee\\\/infrapuna-kuttepaneel-kivipinnaga\\\/#primaryimage\"},\"image\":{\"@id\":\"https:\\\/\\\/sundirect.ee\\\/infrapuna-kuttepaneel-kivipinnaga\\\/#primaryimage\"},\"thumbnailUrl\":\"https:\\\/\\\/sundirect.ee\\\/wp-content\\\/uploads\\\/2021\\\/11\\\/ia_1300000003.jpg\",\"datePublished\":\"2021-11-05T14:41:27+00:00\",\"dateModified\":\"2023-01-23T07:56:38+00:00\",\"description\":\"Smart Infrared Stone Heater \u2013 STONE600-Pro Sundirect Stone800-Pro is a premium Wifi-controllable stone heater with a 3D structure surface. The\",\"breadcrumb\":{\"@id\":\"https:\\\/\\\/sundirect.ee\\\/infrapuna-kuttepaneel-kivipinnaga\\\/#breadcrumb\"},\"inLanguage\":\"et\",\"potentialAction\":[{\"@type\":\"ReadAction\",\"target\":[\"https:\\\/\\\/sundirect.ee\\\/infrapuna-kuttepaneel-kivipinnaga\\\/\"]}]},{\"@type\":\"ImageObject\",\"inLanguage\":\"et\",\"@id\":\"https:\\\/\\\/sundirect.ee\\\/infrapuna-kuttepaneel-kivipinnaga\\\/#primaryimage\",\"url\":\"https:\\\/\\\/sundirect.ee\\\/wp-content\\\/uploads\\\/2021\\\/11\\\/ia_1300000003.jpg\",\"contentUrl\":\"https:\\\/\\\/sundirect.ee\\\/wp-content\\\/uploads\\\/2021\\\/11\\\/ia_1300000003.jpg\"},{\"@type\":\"BreadcrumbList\",\"@id\":\"https:\\\/\\\/sundirect.ee\\\/infrapuna-kuttepaneel-kivipinnaga\\\/#breadcrumb\",\"itemListElement\":[{\"@type\":\"ListItem\",\"position\":1,\"name\":\"Home\",\"item\":\"https:\\\/\\\/sundirect.ee\\\/\"},{\"@type\":\"ListItem\",\"position\":2,\"name\":\"Smart Infrared Stone Heater \u2013 STONE800-Pro\"}]},{\"@type\":\"WebSite\",\"@id\":\"https:\\\/\\\/sundirect.ee\\\/#website\",\"url\":\"https:\\\/\\\/sundirect.ee\\\/\",\"name\":\"Sundirect\",\"description\":\"Infrapuna paneelid\",\"publisher\":{\"@id\":\"https:\\\/\\\/sundirect.ee\\\/#organization\"},\"potentialAction\":[{\"@type\":\"SearchAction\",\"target\":{\"@type\":\"EntryPoint\",\"urlTemplate\":\"https:\\\/\\\/sundirect.ee\\\/?s={search_term_string}\"},\"query-input\":{\"@type\":\"PropertyValueSpecification\",\"valueRequired\":true,\"valueName\":\"search_term_string\"}}],\"inLanguage\":\"et\"},{\"@type\":\"Organization\",\"@id\":\"https:\\\/\\\/sundirect.ee\\\/#organization\",\"name\":\"Hea Kaubandus O\u00dc\",\"url\":\"https:\\\/\\\/sundirect.ee\\\/\",\"logo\":{\"@type\":\"ImageObject\",\"inLanguage\":\"et\",\"@id\":\"https:\\\/\\\/sundirect.ee\\\/#\\\/schema\\\/logo\\\/image\\\/\",\"url\":\"https:\\\/\\\/sundirect.ee\\\/wp-content\\\/uploads\\\/2021\\\/10\\\/cropped-Sundirect-Logo-scaled-1.jpg\",\"contentUrl\":\"https:\\\/\\\/sundirect.ee\\\/wp-content\\\/uploads\\\/2021\\\/10\\\/cropped-Sundirect-Logo-scaled-1.jpg\",\"width\":2196,\"height\":444,\"caption\":\"Hea Kaubandus O\u00dc\"},\"image\":{\"@id\":\"https:\\\/\\\/sundirect.ee\\\/#\\\/schema\\\/logo\\\/image\\\/\"}}]}<\/script>\n<!-- \/ Yoast SEO plugin. -->","yoast_head_json":{"title":"Smart Infrared Stone Heater \u2013 STONE800-Pro","description":"Smart Infrared Stone Heater \u2013 STONE600-Pro Sundirect Stone800-Pro is a premium Wifi-controllable stone heater with a 3D structure surface. The","robots":{"index":"index","follow":"follow","max-snippet":"max-snippet:-1","max-image-preview":"max-image-preview:large","max-video-preview":"max-video-preview:-1"},"canonical":"https:\/\/sundirect.ee\/et\/infrapuna-kuttepaneel-kivipinnaga\/","og_locale":"et_EE","og_type":"article","og_title":"Smart Infrared Stone Heater \u2013 STONE800-Pro","og_description":"Smart Infrared Stone Heater \u2013 STONE600-Pro Sundirect Stone800-Pro is a premium Wifi-controllable stone heater with a 3D structure surface. The","og_url":"https:\/\/sundirect.ee\/et\/infrapuna-kuttepaneel-kivipinnaga\/","og_site_name":"Sundirect","article_modified_time":"2023-01-23T07:56:38+00:00","og_image":[{"url":"https:\/\/sundirect.ee\/wp-content\/uploads\/2021\/11\/ia_1300000003.jpg","type":"","width":"","height":""}],"twitter_card":"summary_large_image","twitter_misc":{"Est. reading time":"1 minut"},"schema":{"@context":"https:\/\/schema.org","@graph":[{"@type":"WebPage","@id":"https:\/\/sundirect.ee\/infrapuna-kuttepaneel-kivipinnaga\/","url":"https:\/\/sundirect.ee\/infrapuna-kuttepaneel-kivipinnaga\/","name":"Smart Infrared Stone Heater \u2013 STONE800-Pro","isPartOf":{"@id":"https:\/\/sundirect.ee\/#website"},"primaryImageOfPage":{"@id":"https:\/\/sundirect.ee\/infrapuna-kuttepaneel-kivipinnaga\/#primaryimage"},"image":{"@id":"https:\/\/sundirect.ee\/infrapuna-kuttepaneel-kivipinnaga\/#primaryimage"},"thumbnailUrl":"https:\/\/sundirect.ee\/wp-content\/uploads\/2021\/11\/ia_1300000003.jpg","datePublished":"2021-11-05T14:41:27+00:00","dateModified":"2023-01-23T07:56:38+00:00","description":"Smart Infrared Stone Heater \u2013 STONE600-Pro Sundirect Stone800-Pro is a premium Wifi-controllable stone heater with a 3D structure surface. The","breadcrumb":{"@id":"https:\/\/sundirect.ee\/infrapuna-kuttepaneel-kivipinnaga\/#breadcrumb"},"inLanguage":"et","potentialAction":[{"@type":"ReadAction","target":["https:\/\/sundirect.ee\/infrapuna-kuttepaneel-kivipinnaga\/"]}]},{"@type":"ImageObject","inLanguage":"et","@id":"https:\/\/sundirect.ee\/infrapuna-kuttepaneel-kivipinnaga\/#primaryimage","url":"https:\/\/sundirect.ee\/wp-content\/uploads\/2021\/11\/ia_1300000003.jpg","contentUrl":"https:\/\/sundirect.ee\/wp-content\/uploads\/2021\/11\/ia_1300000003.jpg"},{"@type":"BreadcrumbList","@id":"https:\/\/sundirect.ee\/infrapuna-kuttepaneel-kivipinnaga\/#breadcrumb","itemListElement":[{"@type":"ListItem","position":1,"name":"Home","item":"https:\/\/sundirect.ee\/"},{"@type":"ListItem","position":2,"name":"Smart Infrared Stone Heater \u2013 STONE800-Pro"}]},{"@type":"WebSite","@id":"https:\/\/sundirect.ee\/#website","url":"https:\/\/sundirect.ee\/","name":"Sundirect","description":"Infrapuna paneelid","publisher":{"@id":"https:\/\/sundirect.ee\/#organization"},"potentialAction":[{"@type":"SearchAction","target":{"@type":"EntryPoint","urlTemplate":"https:\/\/sundirect.ee\/?s={search_term_string}"},"query-input":{"@type":"PropertyValueSpecification","valueRequired":true,"valueName":"search_term_string"}}],"inLanguage":"et"},{"@type":"Organization","@id":"https:\/\/sundirect.ee\/#organization","name":"Hea Kaubandus O\u00dc","url":"https:\/\/sundirect.ee\/","logo":{"@type":"ImageObject","inLanguage":"et","@id":"https:\/\/sundirect.ee\/#\/schema\/logo\/image\/","url":"https:\/\/sundirect.ee\/wp-content\/uploads\/2021\/10\/cropped-Sundirect-Logo-scaled-1.jpg","contentUrl":"https:\/\/sundirect.ee\/wp-content\/uploads\/2021\/10\/cropped-Sundirect-Logo-scaled-1.jpg","width":2196,"height":444,"caption":"Hea Kaubandus O\u00dc"},"image":{"@id":"https:\/\/sundirect.ee\/#\/schema\/logo\/image\/"}}]}},"_links":{"self":[{"href":"https:\/\/sundirect.ee\/et\/wp-json\/wp\/v2\/pages\/1964","targetHints":{"allow":["GET"]}}],"collection":[{"href":"https:\/\/sundirect.ee\/et\/wp-json\/wp\/v2\/pages"}],"about":[{"href":"https:\/\/sundirect.ee\/et\/wp-json\/wp\/v2\/types\/page"}],"author":[{"embeddable":true,"href":"https:\/\/sundirect.ee\/et\/wp-json\/wp\/v2\/users\/1"}],"replies":[{"embeddable":true,"href":"https:\/\/sundirect.ee\/et\/wp-json\/wp\/v2\/comments?post=1964"}],"version-history":[{"count":99,"href":"https:\/\/sundirect.ee\/et\/wp-json\/wp\/v2\/pages\/1964\/revisions"}],"predecessor-version":[{"id":5681,"href":"https:\/\/sundirect.ee\/et\/wp-json\/wp\/v2\/pages\/1964\/revisions\/5681"}],"wp:attachment":[{"href":"https:\/\/sundirect.ee\/et\/wp-json\/wp\/v2\/media?parent=1964"}],"curies":[{"name":"wp","href":"https:\/\/api.w.org\/{rel}","templated":true}]}}