{"id":2050,"date":"2021-11-05T14:53:58","date_gmt":"2021-11-05T14:53:58","guid":{"rendered":"https:\/\/sundirect.ee\/?page_id=2050"},"modified":"2023-01-23T07:52:04","modified_gmt":"2023-01-23T07:52:04","slug":"infrared-mirror-heater-with-light-lm600-pro","status":"publish","type":"page","link":"https:\/\/sundirect.ee\/et\/infrapuna-peegel-kuttepaneel\/","title":{"rendered":"Infrapuna peegel k\u00fcttepaneel LED valgustusega - LM600-PRO"},"content":{"rendered":"<p><img decoding=\"async\" width=\"2000\" height=\"666\" src=\"https:\/\/sundirect.ee\/wp-content\/uploads\/2021\/11\/ia_1400000003-2.jpg\" alt=\"\" loading=\"lazy\" srcset=\"https:\/\/sundirect.ee\/wp-content\/uploads\/2021\/11\/ia_1400000003-2.jpg 2000w, https:\/\/sundirect.ee\/wp-content\/uploads\/2021\/11\/ia_1400000003-2-300x100.jpg 300w, https:\/\/sundirect.ee\/wp-content\/uploads\/2021\/11\/ia_1400000003-2-1024x341.jpg 1024w, https:\/\/sundirect.ee\/wp-content\/uploads\/2021\/11\/ia_1400000003-2-768x256.jpg 768w, https:\/\/sundirect.ee\/wp-content\/uploads\/2021\/11\/ia_1400000003-2-1536x511.jpg 1536w\" sizes=\"auto, (max-width: 2000px) 100vw, 2000px\"><\/p>\n<h2>Infrapuna peegel k\u00fcttepaneel LED valgustusega - LM600-PRO<\/h2>\n<p>Sundirecti valgustusega peegel k\u00fctteseade LM600-Pro on 3 in 1 lahendus, mis \u00fchendab peegli, k\u00fctte ja valgustuse. Erinevalt enamikust LED-peeglitest v\u00f5i h\u00e4gususevastastest peeglitest saab LM600-Pro-d kasutada teie vannitoa peamise k\u00fcttelahendusena. Sellel peegelpaneelil on IP44 kaitseklass, mist\u00f5ttu sobib see vannitubades kasutamiseks ning 600 W v\u00f5imsusega on v\u00f5imeline soojendama kogu vannituba v\u00e4ga mugavalt. Peegli pinnal on kaasaegne puuteekraan, mille abil saab k\u00e4sitsi juhtida temperatuuri ja valgustust. Kuid veelgi parem on see, et see pakub hulgaliselt nutifunktsioone, kui \u00fchendate selle Sundirect Smart Appiga ja kasutate seda eemalt oma mobiiltelefoni kaudu. Ja \u00fclimaks mugavuseks on see ka h\u00e4\u00e4ljuhtimisega Alexa v\u00f5i Google Home'i kaudu juhitav.<\/p>\n<p>See valgusega infrapuna peegel on varustatud meie Easy-Fit paigalduslahendusega, mis tagab lihtsa ja turvalise paigalduse seinale, kasutades selle ainulaadset klambrit. Paneeli paigaldamiseks ei ole vaja mingeid lisatarvikuid.<\/p>\n<p>Sundirect pakub 5-aastast garantiid k\u00fcttes\u00fcsteemile ning 2-aastast garantiid juhtimisele ja valgustusele. Meie nutikas konstruktsioon v\u00f5imaldab v\u00e4ga lihtsalt vahetada valgustuspulgad rikke korral p\u00e4rast garantiiperioodi l\u00f5ppu.<\/p>\n<p>Eelmine<br \/>\nJ\u00e4rgmine<\/p>\n<h2>Omadused<\/h2>\n<ul>\n<li>\n\t\t\t\t\t\t\t\t\t\tK\u00fcte+valgustus+peegel<\/li>\n<li>\n\t\t\t\t\t\t\t\t\t\tWifi juhtimine APP-i kaudu<\/li>\n<\/ul>\n<ul>\n<li>\n\t\t\t\t\t\t\t\t\t\tPuuteekraaniga juhtimine peegli pinnal<\/li>\n<li>\n\t\t\t\t\t\t\t\t\t\tGrupi juhtimine APP-i kaudu<\/li>\n<\/ul>\n<ul>\n<li>\n\t\t\t\t\t\t\t\t\t\tLihtne paigaldus<\/li>\n<\/ul>\n<h2>LM600-Pro on saadaval meie Innsbrucki laos alates detsembrist.<\/h2>\n<p><img decoding=\"async\" width=\"300\" height=\"75\" src=\"https:\/\/sundirect.ee\/wp-content\/uploads\/2021\/11\/ia_600000026-300x75.png\" alt=\"\" loading=\"lazy\" srcset=\"https:\/\/sundirect.ee\/wp-content\/uploads\/2021\/11\/ia_600000026-300x75.png 300w, https:\/\/sundirect.ee\/wp-content\/uploads\/2021\/11\/ia_600000026-1024x255.png 1024w, https:\/\/sundirect.ee\/wp-content\/uploads\/2021\/11\/ia_600000026-768x191.png 768w, https:\/\/sundirect.ee\/wp-content\/uploads\/2021\/11\/ia_600000026.png 1507w\" sizes=\"auto, (max-width: 300px) 100vw, 300px\"><br \/>\n<img decoding=\"async\" width=\"300\" height=\"58\" src=\"https:\/\/sundirect.ee\/wp-content\/uploads\/2021\/11\/ia_600000030-300x58.png\" alt=\"\" loading=\"lazy\" srcset=\"https:\/\/sundirect.ee\/wp-content\/uploads\/2021\/11\/ia_600000030-300x58.png 300w, https:\/\/sundirect.ee\/wp-content\/uploads\/2021\/11\/ia_600000030-1024x197.png 1024w, https:\/\/sundirect.ee\/wp-content\/uploads\/2021\/11\/ia_600000030-768x148.png 768w, https:\/\/sundirect.ee\/wp-content\/uploads\/2021\/11\/ia_600000030-1536x296.png 1536w, https:\/\/sundirect.ee\/wp-content\/uploads\/2021\/11\/ia_600000030.png 1730w\" sizes=\"auto, (max-width: 300px) 100vw, 300px\"><br \/>\n<img decoding=\"async\" width=\"768\" height=\"605\" src=\"https:\/\/sundirect.ee\/wp-content\/uploads\/2021\/11\/ia_1400000041-768x605.jpg\" alt=\"\" loading=\"lazy\" srcset=\"https:\/\/sundirect.ee\/wp-content\/uploads\/2021\/11\/ia_1400000041-768x605.jpg 768w, https:\/\/sundirect.ee\/wp-content\/uploads\/2021\/11\/ia_1400000041-300x236.jpg 300w, https:\/\/sundirect.ee\/wp-content\/uploads\/2021\/11\/ia_1400000041.jpg 772w\" sizes=\"auto, (max-width: 768px) 100vw, 768px\"><\/p>\n<p><strong>Sisseehitatud Wifi juhtimiss\u00fcsteem<\/strong><\/p>\n<p>Sundirect LM600-Pro infrapuna k\u00fcttepaneelil on paneeli tagak\u00fcljel sisseehitatud termostaat, mis suhtleb Sundirct Smart App'iga. Koos rakendusega vastab see t\u00e4ielikult ELi ErP-m\u00e4\u00e4rusele (\u00f6kodisaini direktiiv). Lihtsalt laadige rakendus alla Appstore'ist v\u00f5i Playstore'ist.<\/p>\n<p><strong>Lisateave ErP m\u00e4\u00e4ruse kohta<\/strong><\/p>\n<p><strong>Lisateave meie nutika k\u00fctte rakenduse kohta<\/strong><\/p>\n<h2>Mudelivalik<\/h2>\n<p><strong>Mudel&nbsp;<\/strong><\/p>\n<p>LM600-Pro<\/p>\n<p><strong>V\u00f5imsus<\/strong><\/p>\n<p>600W<\/p>\n<p><strong>Suurus<\/strong><\/p>\n<p>65*110cm<\/p>\n<p><strong>Kaal<\/strong><\/p>\n<p>18.0Kg<\/p>\n<p><strong>Paigaldus<\/strong><\/p>\n<p>seinakinnitus<\/p>\n<p><strong>Sooja ala&nbsp;<\/strong><\/p>\n<p>6-12m\u00b2<\/p>\n<p><a href=\"https:\/\/sundirect.ee\/wp-content\/uploads\/2021\/11\/Sundirect-infrared-heater-catalog-2020-21-english-20201002-mini.pdf\" role=\"button\"><br \/>\nKataloogi allalaadimine<br \/>\n<\/a><br \/>\n<a href=\"https:\/\/sundirect.ee\/wp-content\/uploads\/2021\/11\/LM600_Pro-manual-ENDE-20210117.pdf\" role=\"button\"><br \/>\nJuhendi allalaadimine<br \/>\n<\/a><\/p>","protected":false},"excerpt":{"rendered":"<p>Infrapunapeegli soojendaja koos valgusega - LM600-PRO Sundirecti valgustuspeegli soojendaja LM600-Pro on 3 in 1 lahendus, mis \u00fchendab endas peegli, k\u00fctte ja valgustuse. Erinevalt enamikust LED-peeglitest v\u00f5i h\u00e4gustunud peeglitest saab LM600-Pro-d kasutada teie vannitoa peamise k\u00fcttelahendusena. Sellel peegelpaneelil on IP44 kaitseklass, mis muudab selle sobivaks ...<\/p>\n<p class=\"read-more\"> <a class=\"\" href=\"https:\/\/sundirect.ee\/et\/infrapuna-peegel-kuttepaneel\/\"> <span class=\"screen-reader-text\">Infrapuna peegel k\u00fcttepaneel LED valgustusega - LM600-PRO<\/span> Loe edasi \"<\/a><\/p>","protected":false},"author":1,"featured_media":0,"parent":0,"menu_order":0,"comment_status":"closed","ping_status":"closed","template":"","meta":{"site-sidebar-layout":"no-sidebar","site-content-layout":"page-builder","ast-main-header-display":"","ast-hfb-above-header-display":"","ast-hfb-below-header-display":"","ast-hfb-mobile-header-display":"","site-post-title":"disabled","ast-breadcrumbs-content":"","ast-featured-img":"disabled","footer-sml-layout":"","theme-transparent-header-meta":"","adv-header-id-meta":"","stick-header-meta":"","header-above-stick-meta":"","header-main-stick-meta":"","header-below-stick-meta":"","footnotes":""},"class_list":["post-2050","page","type-page","status-publish","hentry"],"yoast_head":"<!-- This site is optimized with the Yoast SEO plugin v27.5 - https:\/\/yoast.com\/product\/yoast-seo-wordpress\/ -->\n<title>Infrared Mirror Heater With Light \u2013 LM600-PRO<\/title>\n<meta name=\"description\" content=\"Infrared Mirror Heater With Light \u2013 LM600-PRO The Sundirect lighting mirror heater LM600-Pro is a 3 in 1 solution combining a mirror with heating and\" \/>\n<meta name=\"robots\" content=\"index, follow, max-snippet:-1, max-image-preview:large, max-video-preview:-1\" \/>\n<link rel=\"canonical\" href=\"https:\/\/sundirect.ee\/et\/infrapuna-peegel-kuttepaneel\/\" \/>\n<meta property=\"og:locale\" content=\"et_EE\" \/>\n<meta property=\"og:type\" content=\"article\" \/>\n<meta property=\"og:title\" content=\"Infrared Mirror Heater With Light \u2013 LM600-PRO\" \/>\n<meta property=\"og:description\" content=\"Infrared Mirror Heater With Light \u2013 LM600-PRO The Sundirect lighting mirror heater LM600-Pro is a 3 in 1 solution combining a mirror with heating and\" \/>\n<meta property=\"og:url\" content=\"https:\/\/sundirect.ee\/et\/infrapuna-peegel-kuttepaneel\/\" \/>\n<meta property=\"og:site_name\" content=\"Sundirect\" \/>\n<meta property=\"article:modified_time\" content=\"2023-01-23T07:52:04+00:00\" \/>\n<meta property=\"og:image\" content=\"https:\/\/sundirect.ee\/wp-content\/uploads\/2021\/11\/ia_1400000003-2.jpg\" \/>\n<meta name=\"twitter:card\" content=\"summary_large_image\" \/>\n<meta name=\"twitter:label1\" content=\"Est. reading time\" \/>\n\t<meta name=\"twitter:data1\" content=\"2 minutit\" \/>\n<script type=\"application\/ld+json\" class=\"yoast-schema-graph\">{\"@context\":\"https:\\\/\\\/schema.org\",\"@graph\":[{\"@type\":\"WebPage\",\"@id\":\"https:\\\/\\\/sundirect.ee\\\/infrapuna-peegel-kuttepaneel\\\/\",\"url\":\"https:\\\/\\\/sundirect.ee\\\/infrapuna-peegel-kuttepaneel\\\/\",\"name\":\"Infrared Mirror Heater With Light \u2013 LM600-PRO\",\"isPartOf\":{\"@id\":\"https:\\\/\\\/sundirect.ee\\\/#website\"},\"primaryImageOfPage\":{\"@id\":\"https:\\\/\\\/sundirect.ee\\\/infrapuna-peegel-kuttepaneel\\\/#primaryimage\"},\"image\":{\"@id\":\"https:\\\/\\\/sundirect.ee\\\/infrapuna-peegel-kuttepaneel\\\/#primaryimage\"},\"thumbnailUrl\":\"https:\\\/\\\/sundirect.ee\\\/wp-content\\\/uploads\\\/2021\\\/11\\\/ia_1400000003-2.jpg\",\"datePublished\":\"2021-11-05T14:53:58+00:00\",\"dateModified\":\"2023-01-23T07:52:04+00:00\",\"description\":\"Infrared Mirror Heater With Light \u2013 LM600-PRO The Sundirect lighting mirror heater LM600-Pro is a 3 in 1 solution combining a mirror with heating and\",\"breadcrumb\":{\"@id\":\"https:\\\/\\\/sundirect.ee\\\/infrapuna-peegel-kuttepaneel\\\/#breadcrumb\"},\"inLanguage\":\"et\",\"potentialAction\":[{\"@type\":\"ReadAction\",\"target\":[\"https:\\\/\\\/sundirect.ee\\\/infrapuna-peegel-kuttepaneel\\\/\"]}]},{\"@type\":\"ImageObject\",\"inLanguage\":\"et\",\"@id\":\"https:\\\/\\\/sundirect.ee\\\/infrapuna-peegel-kuttepaneel\\\/#primaryimage\",\"url\":\"https:\\\/\\\/sundirect.ee\\\/wp-content\\\/uploads\\\/2021\\\/11\\\/ia_1400000003-2.jpg\",\"contentUrl\":\"https:\\\/\\\/sundirect.ee\\\/wp-content\\\/uploads\\\/2021\\\/11\\\/ia_1400000003-2.jpg\"},{\"@type\":\"BreadcrumbList\",\"@id\":\"https:\\\/\\\/sundirect.ee\\\/infrapuna-peegel-kuttepaneel\\\/#breadcrumb\",\"itemListElement\":[{\"@type\":\"ListItem\",\"position\":1,\"name\":\"Home\",\"item\":\"https:\\\/\\\/sundirect.ee\\\/\"},{\"@type\":\"ListItem\",\"position\":2,\"name\":\"Infrared Mirror Heater With Light \u2013 LM600-PRO\"}]},{\"@type\":\"WebSite\",\"@id\":\"https:\\\/\\\/sundirect.ee\\\/#website\",\"url\":\"https:\\\/\\\/sundirect.ee\\\/\",\"name\":\"Sundirect\",\"description\":\"Infrapuna paneelid\",\"publisher\":{\"@id\":\"https:\\\/\\\/sundirect.ee\\\/#organization\"},\"potentialAction\":[{\"@type\":\"SearchAction\",\"target\":{\"@type\":\"EntryPoint\",\"urlTemplate\":\"https:\\\/\\\/sundirect.ee\\\/?s={search_term_string}\"},\"query-input\":{\"@type\":\"PropertyValueSpecification\",\"valueRequired\":true,\"valueName\":\"search_term_string\"}}],\"inLanguage\":\"et\"},{\"@type\":\"Organization\",\"@id\":\"https:\\\/\\\/sundirect.ee\\\/#organization\",\"name\":\"Hea Kaubandus O\u00dc\",\"url\":\"https:\\\/\\\/sundirect.ee\\\/\",\"logo\":{\"@type\":\"ImageObject\",\"inLanguage\":\"et\",\"@id\":\"https:\\\/\\\/sundirect.ee\\\/#\\\/schema\\\/logo\\\/image\\\/\",\"url\":\"https:\\\/\\\/sundirect.ee\\\/wp-content\\\/uploads\\\/2021\\\/10\\\/cropped-Sundirect-Logo-scaled-1.jpg\",\"contentUrl\":\"https:\\\/\\\/sundirect.ee\\\/wp-content\\\/uploads\\\/2021\\\/10\\\/cropped-Sundirect-Logo-scaled-1.jpg\",\"width\":2196,\"height\":444,\"caption\":\"Hea Kaubandus O\u00dc\"},\"image\":{\"@id\":\"https:\\\/\\\/sundirect.ee\\\/#\\\/schema\\\/logo\\\/image\\\/\"}}]}<\/script>\n<!-- \/ Yoast SEO plugin. -->","yoast_head_json":{"title":"Infrared Mirror Heater With Light \u2013 LM600-PRO","description":"Infrared Mirror Heater With Light \u2013 LM600-PRO The Sundirect lighting mirror heater LM600-Pro is a 3 in 1 solution combining a mirror with heating and","robots":{"index":"index","follow":"follow","max-snippet":"max-snippet:-1","max-image-preview":"max-image-preview:large","max-video-preview":"max-video-preview:-1"},"canonical":"https:\/\/sundirect.ee\/et\/infrapuna-peegel-kuttepaneel\/","og_locale":"et_EE","og_type":"article","og_title":"Infrared Mirror Heater With Light \u2013 LM600-PRO","og_description":"Infrared Mirror Heater With Light \u2013 LM600-PRO The Sundirect lighting mirror heater LM600-Pro is a 3 in 1 solution combining a mirror with heating and","og_url":"https:\/\/sundirect.ee\/et\/infrapuna-peegel-kuttepaneel\/","og_site_name":"Sundirect","article_modified_time":"2023-01-23T07:52:04+00:00","og_image":[{"url":"https:\/\/sundirect.ee\/wp-content\/uploads\/2021\/11\/ia_1400000003-2.jpg","type":"","width":"","height":""}],"twitter_card":"summary_large_image","twitter_misc":{"Est. reading time":"2 minutit"},"schema":{"@context":"https:\/\/schema.org","@graph":[{"@type":"WebPage","@id":"https:\/\/sundirect.ee\/infrapuna-peegel-kuttepaneel\/","url":"https:\/\/sundirect.ee\/infrapuna-peegel-kuttepaneel\/","name":"Infrared Mirror Heater With Light \u2013 LM600-PRO","isPartOf":{"@id":"https:\/\/sundirect.ee\/#website"},"primaryImageOfPage":{"@id":"https:\/\/sundirect.ee\/infrapuna-peegel-kuttepaneel\/#primaryimage"},"image":{"@id":"https:\/\/sundirect.ee\/infrapuna-peegel-kuttepaneel\/#primaryimage"},"thumbnailUrl":"https:\/\/sundirect.ee\/wp-content\/uploads\/2021\/11\/ia_1400000003-2.jpg","datePublished":"2021-11-05T14:53:58+00:00","dateModified":"2023-01-23T07:52:04+00:00","description":"Infrared Mirror Heater With Light \u2013 LM600-PRO The Sundirect lighting mirror heater LM600-Pro is a 3 in 1 solution combining a mirror with heating and","breadcrumb":{"@id":"https:\/\/sundirect.ee\/infrapuna-peegel-kuttepaneel\/#breadcrumb"},"inLanguage":"et","potentialAction":[{"@type":"ReadAction","target":["https:\/\/sundirect.ee\/infrapuna-peegel-kuttepaneel\/"]}]},{"@type":"ImageObject","inLanguage":"et","@id":"https:\/\/sundirect.ee\/infrapuna-peegel-kuttepaneel\/#primaryimage","url":"https:\/\/sundirect.ee\/wp-content\/uploads\/2021\/11\/ia_1400000003-2.jpg","contentUrl":"https:\/\/sundirect.ee\/wp-content\/uploads\/2021\/11\/ia_1400000003-2.jpg"},{"@type":"BreadcrumbList","@id":"https:\/\/sundirect.ee\/infrapuna-peegel-kuttepaneel\/#breadcrumb","itemListElement":[{"@type":"ListItem","position":1,"name":"Home","item":"https:\/\/sundirect.ee\/"},{"@type":"ListItem","position":2,"name":"Infrared Mirror Heater With Light \u2013 LM600-PRO"}]},{"@type":"WebSite","@id":"https:\/\/sundirect.ee\/#website","url":"https:\/\/sundirect.ee\/","name":"Sundirect","description":"Infrapuna paneelid","publisher":{"@id":"https:\/\/sundirect.ee\/#organization"},"potentialAction":[{"@type":"SearchAction","target":{"@type":"EntryPoint","urlTemplate":"https:\/\/sundirect.ee\/?s={search_term_string}"},"query-input":{"@type":"PropertyValueSpecification","valueRequired":true,"valueName":"search_term_string"}}],"inLanguage":"et"},{"@type":"Organization","@id":"https:\/\/sundirect.ee\/#organization","name":"Hea Kaubandus O\u00dc","url":"https:\/\/sundirect.ee\/","logo":{"@type":"ImageObject","inLanguage":"et","@id":"https:\/\/sundirect.ee\/#\/schema\/logo\/image\/","url":"https:\/\/sundirect.ee\/wp-content\/uploads\/2021\/10\/cropped-Sundirect-Logo-scaled-1.jpg","contentUrl":"https:\/\/sundirect.ee\/wp-content\/uploads\/2021\/10\/cropped-Sundirect-Logo-scaled-1.jpg","width":2196,"height":444,"caption":"Hea Kaubandus O\u00dc"},"image":{"@id":"https:\/\/sundirect.ee\/#\/schema\/logo\/image\/"}}]}},"_links":{"self":[{"href":"https:\/\/sundirect.ee\/et\/wp-json\/wp\/v2\/pages\/2050","targetHints":{"allow":["GET"]}}],"collection":[{"href":"https:\/\/sundirect.ee\/et\/wp-json\/wp\/v2\/pages"}],"about":[{"href":"https:\/\/sundirect.ee\/et\/wp-json\/wp\/v2\/types\/page"}],"author":[{"embeddable":true,"href":"https:\/\/sundirect.ee\/et\/wp-json\/wp\/v2\/users\/1"}],"replies":[{"embeddable":true,"href":"https:\/\/sundirect.ee\/et\/wp-json\/wp\/v2\/comments?post=2050"}],"version-history":[{"count":93,"href":"https:\/\/sundirect.ee\/et\/wp-json\/wp\/v2\/pages\/2050\/revisions"}],"predecessor-version":[{"id":5678,"href":"https:\/\/sundirect.ee\/et\/wp-json\/wp\/v2\/pages\/2050\/revisions\/5678"}],"wp:attachment":[{"href":"https:\/\/sundirect.ee\/et\/wp-json\/wp\/v2\/media?parent=2050"}],"curies":[{"name":"wp","href":"https:\/\/api.w.org\/{rel}","templated":true}]}}