{"id":3912,"date":"2021-11-08T16:00:02","date_gmt":"2021-11-08T16:00:02","guid":{"rendered":"https:\/\/sundirect.ee\/?page_id=3912"},"modified":"2021-11-09T13:49:28","modified_gmt":"2021-11-09T13:49:28","slug":"what-is-far-infrared","status":"publish","type":"page","link":"https:\/\/sundirect.ee\/et\/mis-on-infrapuna\/","title":{"rendered":"Mis on infrapuna"},"content":{"rendered":"<div data-elementor-type=\"wp-page\" data-elementor-id=\"3912\" class=\"elementor elementor-3912\">\n\t\t\t\t\t\t\t\t\t<section class=\"elementor-section elementor-top-section elementor-element elementor-element-4a7d4f4c elementor-section-full_width elementor-section-height-min-height elementor-section-height-default elementor-section-items-middle\" data-id=\"4a7d4f4c\" data-element_type=\"section\" data-settings=\"{&quot;background_background&quot;:&quot;classic&quot;}\">\n\t\t\t\t\t\t<div class=\"elementor-container elementor-column-gap-default\">\n\t\t\t\t\t<div class=\"elementor-column elementor-col-100 elementor-top-column elementor-element elementor-element-e89b6dd\" data-id=\"e89b6dd\" data-element_type=\"column\">\n\t\t\t<div class=\"elementor-widget-wrap elementor-element-populated\">\n\t\t\t\t\t\t\t\t<div class=\"elementor-element elementor-element-310d49b7 elementor-widget elementor-widget-spacer\" data-id=\"310d49b7\" data-element_type=\"widget\" data-widget_type=\"spacer.default\">\n\t\t\t\t<div class=\"elementor-widget-container\">\n\t\t\t\t\t<div class=\"elementor-spacer\">\n\t\t\t<div class=\"elementor-spacer-inner\"><\/div>\n\t\t<\/div>\n\t\t\t\t<\/div>\n\t\t\t\t<\/div>\n\t\t\t\t<section class=\"elementor-section elementor-inner-section elementor-element elementor-element-3c5a56d elementor-section-boxed elementor-section-height-default elementor-section-height-default\" data-id=\"3c5a56d\" data-element_type=\"section\">\n\t\t\t\t\t\t<div class=\"elementor-container elementor-column-gap-default\">\n\t\t\t\t\t<div class=\"elementor-column elementor-col-100 elementor-inner-column elementor-element elementor-element-7b4b04e\" data-id=\"7b4b04e\" data-element_type=\"column\">\n\t\t\t<div class=\"elementor-widget-wrap elementor-element-populated\">\n\t\t\t\t\t\t\t\t<div class=\"elementor-element elementor-element-7355fa0 elementor-widget elementor-widget-text-editor\" data-id=\"7355fa0\" data-element_type=\"widget\" data-widget_type=\"text-editor.default\">\n\t\t\t\t<div class=\"elementor-widget-container\">\n\t\t\t\t\t\t\t<p class=\"text-center element-top-180 element-bottom-190 text-light os-animation bigger default animated fadeIn\" style=\"text-align: center;\" data-os-animation=\"fadeIn\" data-os-animation-delay=\"0s\"><span style=\"color: #ffffff;\">Mis on infrapuna<\/span><\/p>\t\t\t\t\t\t<\/div>\n\t\t\t\t<\/div>\n\t\t\t\t\t<\/div>\n\t\t<\/div>\n\t\t\t\t\t\t\t<\/div>\n\t\t<\/section>\n\t\t\t\t\t<\/div>\n\t\t<\/div>\n\t\t\t\t\t\t\t<\/div>\n\t\t<\/section>\n\t\t\t\t<section class=\"elementor-section elementor-top-section elementor-element elementor-element-c82d0e8 elementor-section-boxed elementor-section-height-default elementor-section-height-default\" data-id=\"c82d0e8\" data-element_type=\"section\">\n\t\t\t\t\t\t<div class=\"elementor-container elementor-column-gap-default\">\n\t\t\t\t\t<div class=\"elementor-column elementor-col-100 elementor-top-column elementor-element elementor-element-a72e0f2\" data-id=\"a72e0f2\" data-element_type=\"column\">\n\t\t\t<div class=\"elementor-widget-wrap elementor-element-populated\">\n\t\t\t\t\t\t\t\t<div class=\"elementor-element elementor-element-d7c3a37 elementor-widget elementor-widget-spacer\" data-id=\"d7c3a37\" data-element_type=\"widget\" data-widget_type=\"spacer.default\">\n\t\t\t\t<div class=\"elementor-widget-container\">\n\t\t\t\t\t<div class=\"elementor-spacer\">\n\t\t\t<div class=\"elementor-spacer-inner\"><\/div>\n\t\t<\/div>\n\t\t\t\t<\/div>\n\t\t\t\t<\/div>\n\t\t\t\t\t<\/div>\n\t\t<\/div>\n\t\t\t\t\t\t\t<\/div>\n\t\t<\/section>\n\t\t\t\t<section class=\"elementor-section elementor-top-section elementor-element elementor-element-4ed86d2 elementor-section-boxed elementor-section-height-default elementor-section-height-default\" data-id=\"4ed86d2\" data-element_type=\"section\">\n\t\t\t\t\t\t<div class=\"elementor-container elementor-column-gap-default\">\n\t\t\t\t\t<div class=\"elementor-column elementor-col-100 elementor-top-column elementor-element elementor-element-e1561f5\" data-id=\"e1561f5\" data-element_type=\"column\">\n\t\t\t<div class=\"elementor-widget-wrap elementor-element-populated\">\n\t\t\t\t\t\t\t\t<div class=\"elementor-element elementor-element-216c8f2 elementor-widget elementor-widget-spacer\" data-id=\"216c8f2\" data-element_type=\"widget\" data-widget_type=\"spacer.default\">\n\t\t\t\t<div class=\"elementor-widget-container\">\n\t\t\t\t\t<div class=\"elementor-spacer\">\n\t\t\t<div class=\"elementor-spacer-inner\"><\/div>\n\t\t<\/div>\n\t\t\t\t<\/div>\n\t\t\t\t<\/div>\n\t\t\t\t\t<\/div>\n\t\t<\/div>\n\t\t\t\t\t\t\t<\/div>\n\t\t<\/section>\n\t\t\t\t<section class=\"elementor-section elementor-top-section elementor-element elementor-element-d9806c2 elementor-section-boxed elementor-section-height-default elementor-section-height-default\" data-id=\"d9806c2\" data-element_type=\"section\">\n\t\t\t\t\t\t<div class=\"elementor-container elementor-column-gap-default\">\n\t\t\t\t\t<div class=\"elementor-column elementor-col-50 elementor-top-column elementor-element elementor-element-8cbe9e4\" data-id=\"8cbe9e4\" data-element_type=\"column\">\n\t\t\t<div class=\"elementor-widget-wrap elementor-element-populated\">\n\t\t\t\t\t\t\t\t<section class=\"elementor-section elementor-inner-section elementor-element elementor-element-c187ea9 elementor-section-boxed elementor-section-height-default elementor-section-height-default\" data-id=\"c187ea9\" data-element_type=\"section\">\n\t\t\t\t\t\t<div class=\"elementor-container elementor-column-gap-default\">\n\t\t\t\t\t<div class=\"elementor-column elementor-col-100 elementor-inner-column elementor-element elementor-element-59c2bc1\" data-id=\"59c2bc1\" data-element_type=\"column\">\n\t\t\t<div class=\"elementor-widget-wrap elementor-element-populated\">\n\t\t\t\t\t\t\t\t<div class=\"elementor-element elementor-element-923509a elementor-widget elementor-widget-text-editor\" data-id=\"923509a\" data-element_type=\"widget\" data-widget_type=\"text-editor.default\">\n\t\t\t\t<div class=\"elementor-widget-container\">\n\t\t\t\t\t\t\t<p><strong>Tehnoloogia<\/strong><\/p>\t\t\t\t\t\t<\/div>\n\t\t\t\t<\/div>\n\t\t\t\t<div class=\"elementor-element elementor-element-a44bfc8 elementor-widget elementor-widget-text-editor\" data-id=\"a44bfc8\" data-element_type=\"widget\" data-widget_type=\"text-editor.default\">\n\t\t\t\t<div class=\"elementor-widget-container\">\n\t\t\t\t\t\t\t<p class=\"element-bottom-30 pr30\"><a href=\"https:\/\/sundirect.ee\/et\/mis-on-infrapuna\/\" data-wplink-url-error=\"true\">Mis on infrapuna<\/a><\/p>\t\t\t\t\t\t<\/div>\n\t\t\t\t<\/div>\n\t\t\t\t<div class=\"elementor-element elementor-element-fdc41f7 elementor-widget elementor-widget-text-editor\" data-id=\"fdc41f7\" data-element_type=\"widget\" data-widget_type=\"text-editor.default\">\n\t\t\t\t<div class=\"elementor-widget-container\">\n\t\t\t\t\t\t\t<p class=\"element-bottom-30 pr30\"><a href=\"https:\/\/sundirect.ee\/et\/why-far-infrared\/\" data-wplink-url-error=\"true\">Miks infrapuna<\/a><\/p>\t\t\t\t\t\t<\/div>\n\t\t\t\t<\/div>\n\t\t\t\t<div class=\"elementor-element elementor-element-f5360d2 elementor-widget elementor-widget-text-editor\" data-id=\"f5360d2\" data-element_type=\"widget\" data-widget_type=\"text-editor.default\">\n\t\t\t\t<div class=\"elementor-widget-container\">\n\t\t\t\t\t\t\t<p class=\"element-bottom-30 pr30\"><a href=\"https:\/\/sundirect.ee\/et\/sundirect-lubab-kvaliteeti\/\" data-wplink-url-error=\"true\">Sundirect lubab kvaliteeti<\/a><\/p>\t\t\t\t\t\t<\/div>\n\t\t\t\t<\/div>\n\t\t\t\t<div class=\"elementor-element elementor-element-45c5a86 elementor-widget elementor-widget-text-editor\" data-id=\"45c5a86\" data-element_type=\"widget\" data-widget_type=\"text-editor.default\">\n\t\t\t\t<div class=\"elementor-widget-container\">\n\t\t\t\t\t\t\t<p class=\"element-bottom-30 pr30\"><a href=\"https:\/\/sundirect.ee\/et\/infrapuna-ja-pv\/\" data-wplink-url-error=\"true\">Infrapuna ja PV<\/a><\/p>\t\t\t\t\t\t<\/div>\n\t\t\t\t<\/div>\n\t\t\t\t\t<\/div>\n\t\t<\/div>\n\t\t\t\t\t\t\t<\/div>\n\t\t<\/section>\n\t\t\t\t\t<\/div>\n\t\t<\/div>\n\t\t\t\t<div class=\"elementor-column elementor-col-50 elementor-top-column elementor-element elementor-element-7990a45\" data-id=\"7990a45\" data-element_type=\"column\">\n\t\t\t<div class=\"elementor-widget-wrap elementor-element-populated\">\n\t\t\t\t\t\t\t\t<div class=\"elementor-element elementor-element-c97418d elementor-widget elementor-widget-text-editor\" data-id=\"c97418d\" data-element_type=\"widget\" data-widget_type=\"text-editor.default\">\n\t\t\t\t<div class=\"elementor-widget-container\">\n\t\t\t\t\t\t\t<h5><strong>Mis on kauginfrapuna?<\/strong><\/h5><p>Iga Sundirecti k\u00fctteseadme p\u00f5hiomaduseks on kauginfrapuna k\u00fcttekeha. See t\u00f6\u00f6tab samamoodi nagu klassikaline ahi, olles k\u00f5rgema temperatuuriga keha, mis annab elektromagnetilise kiirguse kaudu energiat madalama temperatuuriga kehale. Peamiselt arvestame kolme erinevat t\u00fc\u00fcpi infrapuna: L\u00e4hiinfrapuna, keskmise lainepikkusega infrapuna ja kauginfrapuna. Tavaliselt t\u00f6\u00f6tavad l\u00e4hiinfrapunakiirguse kiirgusseadmed k\u00f5rge h\u00f5\u00f5gniiditemperatuuriga \u00fcle 1800 \u00b0C, keskmise lainega infrapunakiirguse kiirgusseadmed t\u00f6\u00f6tavad h\u00f5\u00f5gniiditemperatuuriga umbes 1000 \u00b0C ja kauginfrapunakiirguse kiirgusseadmed t\u00f6\u00f6tavad palju madalamal temperatuuril, umbes 80\u00b0C kuni 120\u00b0C. T\u00e4nu sellele peamisele eelisele kasutatakse kauginfrapunatehnoloogiat laialdaselt nii kauginfrapunasaunades, infrapunalampides ja muudes tervishoius\u00fcsteemides kui ka SUNDIRECTi pakutavate paneelkuumendite puhul. Kuna k\u00fctteelemendid on suhteliselt madalal temperatuuril, ei tekita SUNDIRECTi k\u00fctteseadmed heitmeid, tolmu, mustust, formaldeh\u00fc\u00fcdi, v\u00e4rvipinnakestest tulenevaid m\u00fcrgiseid aurusid jne. See on teinud SUNDIRECTi k\u00fctteseadmed v\u00e4ga populaarseks raskete allergiate ja mitmekordse keemilise tundlikkusega inimeste seas. Mitmed uuringud on uurinud kauginfrapunase soojendi kasutamist krooniliste terviseprobleemide, n\u00e4iteks k\u00f5rge verer\u00f5hu, s\u00fcdamepuudulikkuse ja reumatoidartriidi raviks ning leidnud m\u00f5ningaid t\u00f5endeid selle kasulikkuse kohta.<\/p><p><img loading=\"lazy\" decoding=\"async\" class=\"element-top-30 element-bottom-30 alignnone wp-image-891 size-full\" src=\"https:\/\/www.sundirect-heater.com\/wp-content\/uploads\/2016\/07\/sundirect_infrared_rays.jpg\" sizes=\"auto, (max-width: 629px) 100vw, 629px\" srcset=\"https:\/\/www.sundirect-heater.com\/wp-content\/uploads\/2016\/07\/sundirect_infrared_rays.jpg 629w, https:\/\/www.sundirect-heater.com\/wp-content\/uploads\/2016\/07\/sundirect_infrared_rays-300x119.jpg 300w\" width=\"629\" height=\"250\" \/><\/p><p>Tulevik peitub infrapuna k\u00fctteseadmetes. T\u00e4nu sellele, et kauginfrapuna t\u00f6\u00f6tab umbes 80-120 \u00b0C pinnatemperatuuril, loob see k\u00f5ige mugavamad k\u00fcttetingimused ilma v\u00f5imalike p\u00f5letushaavade tekkimiseta. K\u00fctteelemendid t\u00f6\u00f6tavad suhteliselt madalal temperatuuril, mis t\u00e4hendab, et SUNDIRECT kauginfrapunak\u00fctteseadmed ei tekita heitmeid, tolmu, mustuse, formaldeh\u00fc\u00fcdi, v\u00e4rvimisest tulenevaid m\u00fcrgiseid aurusid jne. See on muutnud meie soojendajad v\u00e4ga populaarseks raskete allergiate ja mitmekordse keemilise tundlikkusega inimeste seas Euroopas. Mitmed uuringud on t\u00f5estanud, et kauginfrapunase soojendi kasutamine on kasulik krooniliste terviseprobleemide, n\u00e4iteks k\u00f5rge verer\u00f5hu, s\u00fcdamepuudulikkuse ja reumatoidartriidi ravimisel.<\/p>\t\t\t\t\t\t<\/div>\n\t\t\t\t<\/div>\n\t\t\t\t\t<\/div>\n\t\t<\/div>\n\t\t\t\t\t\t\t<\/div>\n\t\t<\/section>\n\t\t\t\t<section class=\"elementor-section elementor-top-section elementor-element elementor-element-77dfb59 elementor-section-boxed elementor-section-height-default elementor-section-height-default\" data-id=\"77dfb59\" data-element_type=\"section\">\n\t\t\t\t\t\t<div class=\"elementor-container elementor-column-gap-default\">\n\t\t\t\t\t<div class=\"elementor-column elementor-col-100 elementor-top-column elementor-element elementor-element-24cf15b\" data-id=\"24cf15b\" data-element_type=\"column\">\n\t\t\t<div class=\"elementor-widget-wrap elementor-element-populated\">\n\t\t\t\t\t\t\t\t<div class=\"elementor-element elementor-element-410a582 elementor-widget elementor-widget-spacer\" data-id=\"410a582\" data-element_type=\"widget\" data-widget_type=\"spacer.default\">\n\t\t\t\t<div class=\"elementor-widget-container\">\n\t\t\t\t\t<div class=\"elementor-spacer\">\n\t\t\t<div class=\"elementor-spacer-inner\"><\/div>\n\t\t<\/div>\n\t\t\t\t<\/div>\n\t\t\t\t<\/div>\n\t\t\t\t\t<\/div>\n\t\t<\/div>\n\t\t\t\t\t\t\t<\/div>\n\t\t<\/section>\n\t\t\t\t\t\t\t<\/div>","protected":false},"excerpt":{"rendered":"<p>Mis on kauginfrapuna Tehnoloogia Mis on kauginfrapuna Miks kauginfrapuna Sundirect lubab kvaliteeti Infrapuna ja PV Mis on kauginfrapuna? Iga Sundirecti k\u00fctteseadme p\u00f5hiomaduseks on kauginfrapuna k\u00fcttekeha. See t\u00f6\u00f6tab samamoodi nagu klassikaline ahi, olles k\u00f5rgema temperatuuriga keha, mis annab energiat edasi madalama ...<\/p>\n<p class=\"read-more\"> <a class=\"\" href=\"https:\/\/sundirect.ee\/et\/mis-on-infrapuna\/\"> <span class=\"screen-reader-text\">Mis on infrapuna<\/span> Loe edasi \"<\/a><\/p>","protected":false},"author":1,"featured_media":0,"parent":0,"menu_order":0,"comment_status":"closed","ping_status":"closed","template":"elementor_header_footer","meta":{"site-sidebar-layout":"no-sidebar","site-content-layout":"page-builder","ast-main-header-display":"","ast-hfb-above-header-display":"","ast-hfb-below-header-display":"","ast-hfb-mobile-header-display":"","site-post-title":"disabled","ast-breadcrumbs-content":"","ast-featured-img":"disabled","footer-sml-layout":"","theme-transparent-header-meta":"","adv-header-id-meta":"","stick-header-meta":"","header-above-stick-meta":"","header-main-stick-meta":"","header-below-stick-meta":"","footnotes":""},"class_list":["post-3912","page","type-page","status-publish","hentry"],"yoast_head":"<!-- This site is optimized with the Yoast SEO plugin v27.3 - https:\/\/yoast.com\/product\/yoast-seo-wordpress\/ -->\n<title>What\u2019s far infrared<\/title>\n<meta name=\"description\" content=\"What\u2019s far infrared TechnologyWhat\u2019s far infraredWhy far infraredSundirect promises qualityInfrared and PVWhat\u2019s far infrared?The core feature of every\" \/>\n<meta name=\"robots\" content=\"index, follow, max-snippet:-1, max-image-preview:large, max-video-preview:-1\" \/>\n<link rel=\"canonical\" href=\"https:\/\/sundirect.ee\/et\/mis-on-infrapuna\/\" \/>\n<meta property=\"og:locale\" content=\"et_EE\" \/>\n<meta property=\"og:type\" content=\"article\" \/>\n<meta property=\"og:title\" content=\"What\u2019s far infrared\" \/>\n<meta property=\"og:description\" content=\"What\u2019s far infrared TechnologyWhat\u2019s far infraredWhy far infraredSundirect promises qualityInfrared and PVWhat\u2019s far infrared?The core feature of every\" \/>\n<meta property=\"og:url\" content=\"https:\/\/sundirect.ee\/et\/mis-on-infrapuna\/\" \/>\n<meta property=\"og:site_name\" content=\"Sundirect\" \/>\n<meta property=\"article:modified_time\" content=\"2021-11-09T13:49:28+00:00\" \/>\n<meta property=\"og:image\" content=\"https:\/\/www.sundirect-heater.com\/wp-content\/uploads\/2016\/07\/sundirect_infrared_rays.jpg\" \/>\n<meta name=\"twitter:card\" content=\"summary_large_image\" \/>\n<meta name=\"twitter:label1\" content=\"Est. reading time\" \/>\n\t<meta name=\"twitter:data1\" content=\"2 minutit\" \/>\n<script type=\"application\/ld+json\" class=\"yoast-schema-graph\">{\"@context\":\"https:\\\/\\\/schema.org\",\"@graph\":[{\"@type\":\"WebPage\",\"@id\":\"https:\\\/\\\/sundirect.ee\\\/what-is-far-infrared\\\/\",\"url\":\"https:\\\/\\\/sundirect.ee\\\/what-is-far-infrared\\\/\",\"name\":\"What\u2019s far infrared\",\"isPartOf\":{\"@id\":\"https:\\\/\\\/sundirect.ee\\\/#website\"},\"primaryImageOfPage\":{\"@id\":\"https:\\\/\\\/sundirect.ee\\\/what-is-far-infrared\\\/#primaryimage\"},\"image\":{\"@id\":\"https:\\\/\\\/sundirect.ee\\\/what-is-far-infrared\\\/#primaryimage\"},\"thumbnailUrl\":\"https:\\\/\\\/www.sundirect-heater.com\\\/wp-content\\\/uploads\\\/2016\\\/07\\\/sundirect_infrared_rays.jpg\",\"datePublished\":\"2021-11-08T16:00:02+00:00\",\"dateModified\":\"2021-11-09T13:49:28+00:00\",\"description\":\"What\u2019s far infrared TechnologyWhat\u2019s far infraredWhy far infraredSundirect promises qualityInfrared and PVWhat\u2019s far infrared?The core feature of every\",\"breadcrumb\":{\"@id\":\"https:\\\/\\\/sundirect.ee\\\/what-is-far-infrared\\\/#breadcrumb\"},\"inLanguage\":\"et\",\"potentialAction\":[{\"@type\":\"ReadAction\",\"target\":[\"https:\\\/\\\/sundirect.ee\\\/what-is-far-infrared\\\/\"]}]},{\"@type\":\"ImageObject\",\"inLanguage\":\"et\",\"@id\":\"https:\\\/\\\/sundirect.ee\\\/what-is-far-infrared\\\/#primaryimage\",\"url\":\"https:\\\/\\\/www.sundirect-heater.com\\\/wp-content\\\/uploads\\\/2016\\\/07\\\/sundirect_infrared_rays.jpg\",\"contentUrl\":\"https:\\\/\\\/www.sundirect-heater.com\\\/wp-content\\\/uploads\\\/2016\\\/07\\\/sundirect_infrared_rays.jpg\"},{\"@type\":\"BreadcrumbList\",\"@id\":\"https:\\\/\\\/sundirect.ee\\\/what-is-far-infrared\\\/#breadcrumb\",\"itemListElement\":[{\"@type\":\"ListItem\",\"position\":1,\"name\":\"Home\",\"item\":\"https:\\\/\\\/sundirect.ee\\\/\"},{\"@type\":\"ListItem\",\"position\":2,\"name\":\"What\u2019s far infrared\"}]},{\"@type\":\"WebSite\",\"@id\":\"https:\\\/\\\/sundirect.ee\\\/#website\",\"url\":\"https:\\\/\\\/sundirect.ee\\\/\",\"name\":\"Sundirect\",\"description\":\"Infrapuna paneelid\",\"publisher\":{\"@id\":\"https:\\\/\\\/sundirect.ee\\\/#organization\"},\"potentialAction\":[{\"@type\":\"SearchAction\",\"target\":{\"@type\":\"EntryPoint\",\"urlTemplate\":\"https:\\\/\\\/sundirect.ee\\\/?s={search_term_string}\"},\"query-input\":{\"@type\":\"PropertyValueSpecification\",\"valueRequired\":true,\"valueName\":\"search_term_string\"}}],\"inLanguage\":\"et\"},{\"@type\":\"Organization\",\"@id\":\"https:\\\/\\\/sundirect.ee\\\/#organization\",\"name\":\"Hea Kaubandus O\u00dc\",\"url\":\"https:\\\/\\\/sundirect.ee\\\/\",\"logo\":{\"@type\":\"ImageObject\",\"inLanguage\":\"et\",\"@id\":\"https:\\\/\\\/sundirect.ee\\\/#\\\/schema\\\/logo\\\/image\\\/\",\"url\":\"https:\\\/\\\/sundirect.ee\\\/wp-content\\\/uploads\\\/2021\\\/10\\\/cropped-Sundirect-Logo-scaled-1.jpg\",\"contentUrl\":\"https:\\\/\\\/sundirect.ee\\\/wp-content\\\/uploads\\\/2021\\\/10\\\/cropped-Sundirect-Logo-scaled-1.jpg\",\"width\":2196,\"height\":444,\"caption\":\"Hea Kaubandus O\u00dc\"},\"image\":{\"@id\":\"https:\\\/\\\/sundirect.ee\\\/#\\\/schema\\\/logo\\\/image\\\/\"}}]}<\/script>\n<!-- \/ Yoast SEO plugin. -->","yoast_head_json":{"title":"What\u2019s far infrared","description":"What\u2019s far infrared TechnologyWhat\u2019s far infraredWhy far infraredSundirect promises qualityInfrared and PVWhat\u2019s far infrared?The core feature of every","robots":{"index":"index","follow":"follow","max-snippet":"max-snippet:-1","max-image-preview":"max-image-preview:large","max-video-preview":"max-video-preview:-1"},"canonical":"https:\/\/sundirect.ee\/et\/mis-on-infrapuna\/","og_locale":"et_EE","og_type":"article","og_title":"What\u2019s far infrared","og_description":"What\u2019s far infrared TechnologyWhat\u2019s far infraredWhy far infraredSundirect promises qualityInfrared and PVWhat\u2019s far infrared?The core feature of every","og_url":"https:\/\/sundirect.ee\/et\/mis-on-infrapuna\/","og_site_name":"Sundirect","article_modified_time":"2021-11-09T13:49:28+00:00","og_image":[{"url":"https:\/\/www.sundirect-heater.com\/wp-content\/uploads\/2016\/07\/sundirect_infrared_rays.jpg","type":"","width":"","height":""}],"twitter_card":"summary_large_image","twitter_misc":{"Est. reading time":"2 minutit"},"schema":{"@context":"https:\/\/schema.org","@graph":[{"@type":"WebPage","@id":"https:\/\/sundirect.ee\/what-is-far-infrared\/","url":"https:\/\/sundirect.ee\/what-is-far-infrared\/","name":"What\u2019s far infrared","isPartOf":{"@id":"https:\/\/sundirect.ee\/#website"},"primaryImageOfPage":{"@id":"https:\/\/sundirect.ee\/what-is-far-infrared\/#primaryimage"},"image":{"@id":"https:\/\/sundirect.ee\/what-is-far-infrared\/#primaryimage"},"thumbnailUrl":"https:\/\/www.sundirect-heater.com\/wp-content\/uploads\/2016\/07\/sundirect_infrared_rays.jpg","datePublished":"2021-11-08T16:00:02+00:00","dateModified":"2021-11-09T13:49:28+00:00","description":"What\u2019s far infrared TechnologyWhat\u2019s far infraredWhy far infraredSundirect promises qualityInfrared and PVWhat\u2019s far infrared?The core feature of every","breadcrumb":{"@id":"https:\/\/sundirect.ee\/what-is-far-infrared\/#breadcrumb"},"inLanguage":"et","potentialAction":[{"@type":"ReadAction","target":["https:\/\/sundirect.ee\/what-is-far-infrared\/"]}]},{"@type":"ImageObject","inLanguage":"et","@id":"https:\/\/sundirect.ee\/what-is-far-infrared\/#primaryimage","url":"https:\/\/www.sundirect-heater.com\/wp-content\/uploads\/2016\/07\/sundirect_infrared_rays.jpg","contentUrl":"https:\/\/www.sundirect-heater.com\/wp-content\/uploads\/2016\/07\/sundirect_infrared_rays.jpg"},{"@type":"BreadcrumbList","@id":"https:\/\/sundirect.ee\/what-is-far-infrared\/#breadcrumb","itemListElement":[{"@type":"ListItem","position":1,"name":"Home","item":"https:\/\/sundirect.ee\/"},{"@type":"ListItem","position":2,"name":"What\u2019s far infrared"}]},{"@type":"WebSite","@id":"https:\/\/sundirect.ee\/#website","url":"https:\/\/sundirect.ee\/","name":"Sundirect","description":"Infrapuna paneelid","publisher":{"@id":"https:\/\/sundirect.ee\/#organization"},"potentialAction":[{"@type":"SearchAction","target":{"@type":"EntryPoint","urlTemplate":"https:\/\/sundirect.ee\/?s={search_term_string}"},"query-input":{"@type":"PropertyValueSpecification","valueRequired":true,"valueName":"search_term_string"}}],"inLanguage":"et"},{"@type":"Organization","@id":"https:\/\/sundirect.ee\/#organization","name":"Hea Kaubandus O\u00dc","url":"https:\/\/sundirect.ee\/","logo":{"@type":"ImageObject","inLanguage":"et","@id":"https:\/\/sundirect.ee\/#\/schema\/logo\/image\/","url":"https:\/\/sundirect.ee\/wp-content\/uploads\/2021\/10\/cropped-Sundirect-Logo-scaled-1.jpg","contentUrl":"https:\/\/sundirect.ee\/wp-content\/uploads\/2021\/10\/cropped-Sundirect-Logo-scaled-1.jpg","width":2196,"height":444,"caption":"Hea Kaubandus O\u00dc"},"image":{"@id":"https:\/\/sundirect.ee\/#\/schema\/logo\/image\/"}}]}},"_links":{"self":[{"href":"https:\/\/sundirect.ee\/et\/wp-json\/wp\/v2\/pages\/3912","targetHints":{"allow":["GET"]}}],"collection":[{"href":"https:\/\/sundirect.ee\/et\/wp-json\/wp\/v2\/pages"}],"about":[{"href":"https:\/\/sundirect.ee\/et\/wp-json\/wp\/v2\/types\/page"}],"author":[{"embeddable":true,"href":"https:\/\/sundirect.ee\/et\/wp-json\/wp\/v2\/users\/1"}],"replies":[{"embeddable":true,"href":"https:\/\/sundirect.ee\/et\/wp-json\/wp\/v2\/comments?post=3912"}],"version-history":[{"count":262,"href":"https:\/\/sundirect.ee\/et\/wp-json\/wp\/v2\/pages\/3912\/revisions"}],"predecessor-version":[{"id":4344,"href":"https:\/\/sundirect.ee\/et\/wp-json\/wp\/v2\/pages\/3912\/revisions\/4344"}],"wp:attachment":[{"href":"https:\/\/sundirect.ee\/et\/wp-json\/wp\/v2\/media?parent=3912"}],"curies":[{"name":"wp","href":"https:\/\/api.w.org\/{rel}","templated":true}]}}