{"id":4188,"date":"2021-11-09T13:09:07","date_gmt":"2021-11-09T13:09:07","guid":{"rendered":"https:\/\/sundirect.ee\/?page_id=4188"},"modified":"2021-11-09T13:53:07","modified_gmt":"2021-11-09T13:53:07","slug":"why-far-infrared-heaters","status":"publish","type":"page","link":"https:\/\/sundirect.ee\/et\/miks-infrapuna\/","title":{"rendered":"Miks infrapuna"},"content":{"rendered":"<div data-elementor-type=\"wp-page\" data-elementor-id=\"4188\" class=\"elementor elementor-4188\">\n\t\t\t\t\t\t\t\t\t<section class=\"elementor-section elementor-top-section elementor-element elementor-element-30ec5886 elementor-section-full_width elementor-section-height-min-height elementor-section-height-default elementor-section-items-middle\" data-id=\"30ec5886\" data-element_type=\"section\" data-settings=\"{&quot;background_background&quot;:&quot;classic&quot;}\">\n\t\t\t\t\t\t<div class=\"elementor-container elementor-column-gap-default\">\n\t\t\t\t\t<div class=\"elementor-column elementor-col-100 elementor-top-column elementor-element elementor-element-210acd0e\" data-id=\"210acd0e\" data-element_type=\"column\">\n\t\t\t<div class=\"elementor-widget-wrap elementor-element-populated\">\n\t\t\t\t\t\t\t\t<div class=\"elementor-element elementor-element-1e71944 elementor-widget elementor-widget-spacer\" data-id=\"1e71944\" data-element_type=\"widget\" data-widget_type=\"spacer.default\">\n\t\t\t\t<div class=\"elementor-widget-container\">\n\t\t\t\t\t<div class=\"elementor-spacer\">\n\t\t\t<div class=\"elementor-spacer-inner\"><\/div>\n\t\t<\/div>\n\t\t\t\t<\/div>\n\t\t\t\t<\/div>\n\t\t\t\t<section class=\"elementor-section elementor-inner-section elementor-element elementor-element-6998b52c elementor-section-boxed elementor-section-height-default elementor-section-height-default\" data-id=\"6998b52c\" data-element_type=\"section\">\n\t\t\t\t\t\t<div class=\"elementor-container elementor-column-gap-default\">\n\t\t\t\t\t<div class=\"elementor-column elementor-col-100 elementor-inner-column elementor-element elementor-element-2760a199\" data-id=\"2760a199\" data-element_type=\"column\">\n\t\t\t<div class=\"elementor-widget-wrap elementor-element-populated\">\n\t\t\t\t\t\t\t\t<div class=\"elementor-element elementor-element-9fc4c42 elementor-widget elementor-widget-text-editor\" data-id=\"9fc4c42\" data-element_type=\"widget\" data-widget_type=\"text-editor.default\">\n\t\t\t\t<div class=\"elementor-widget-container\">\n\t\t\t\t\t\t\t<p class=\"text-center element-top-180 element-bottom-190 text-light os-animation bigger default animated fadeIn\" style=\"text-align: center;\" data-os-animation=\"fadeIn\" data-os-animation-delay=\"0s\"><span style=\"color: #ffffff;\">Miks infrapuna<\/span><\/p>\t\t\t\t\t\t<\/div>\n\t\t\t\t<\/div>\n\t\t\t\t\t<\/div>\n\t\t<\/div>\n\t\t\t\t\t\t\t<\/div>\n\t\t<\/section>\n\t\t\t\t\t<\/div>\n\t\t<\/div>\n\t\t\t\t\t\t\t<\/div>\n\t\t<\/section>\n\t\t\t\t<section class=\"elementor-section elementor-top-section elementor-element elementor-element-27350a10 elementor-section-boxed elementor-section-height-default elementor-section-height-default\" data-id=\"27350a10\" data-element_type=\"section\">\n\t\t\t\t\t\t<div class=\"elementor-container elementor-column-gap-default\">\n\t\t\t\t\t<div class=\"elementor-column elementor-col-100 elementor-top-column elementor-element elementor-element-4bc38359\" data-id=\"4bc38359\" data-element_type=\"column\">\n\t\t\t<div class=\"elementor-widget-wrap elementor-element-populated\">\n\t\t\t\t\t\t\t\t<div class=\"elementor-element elementor-element-1ab309c4 elementor-widget elementor-widget-spacer\" data-id=\"1ab309c4\" data-element_type=\"widget\" data-widget_type=\"spacer.default\">\n\t\t\t\t<div class=\"elementor-widget-container\">\n\t\t\t\t\t<div class=\"elementor-spacer\">\n\t\t\t<div class=\"elementor-spacer-inner\"><\/div>\n\t\t<\/div>\n\t\t\t\t<\/div>\n\t\t\t\t<\/div>\n\t\t\t\t\t<\/div>\n\t\t<\/div>\n\t\t\t\t\t\t\t<\/div>\n\t\t<\/section>\n\t\t\t\t<section class=\"elementor-section elementor-top-section elementor-element elementor-element-3e9cf968 elementor-section-boxed elementor-section-height-default elementor-section-height-default\" data-id=\"3e9cf968\" data-element_type=\"section\">\n\t\t\t\t\t\t<div class=\"elementor-container elementor-column-gap-default\">\n\t\t\t\t\t<div class=\"elementor-column elementor-col-50 elementor-top-column elementor-element elementor-element-60c83e33\" data-id=\"60c83e33\" data-element_type=\"column\">\n\t\t\t<div class=\"elementor-widget-wrap elementor-element-populated\">\n\t\t\t\t\t\t\t\t<section class=\"elementor-section elementor-inner-section elementor-element elementor-element-1efceb elementor-section-boxed elementor-section-height-default elementor-section-height-default\" data-id=\"1efceb\" data-element_type=\"section\">\n\t\t\t\t\t\t<div class=\"elementor-container elementor-column-gap-default\">\n\t\t\t\t\t<div class=\"elementor-column elementor-col-100 elementor-inner-column elementor-element elementor-element-2c566a9c\" data-id=\"2c566a9c\" data-element_type=\"column\">\n\t\t\t<div class=\"elementor-widget-wrap elementor-element-populated\">\n\t\t\t\t\t\t\t\t<div class=\"elementor-element elementor-element-388c6673 elementor-widget elementor-widget-text-editor\" data-id=\"388c6673\" data-element_type=\"widget\" data-widget_type=\"text-editor.default\">\n\t\t\t\t<div class=\"elementor-widget-container\">\n\t\t\t\t\t\t\t<p>Tehnoloogia<\/p>\t\t\t\t\t\t<\/div>\n\t\t\t\t<\/div>\n\t\t\t\t<div class=\"elementor-element elementor-element-28bc3b02 elementor-widget elementor-widget-text-editor\" data-id=\"28bc3b02\" data-element_type=\"widget\" data-widget_type=\"text-editor.default\">\n\t\t\t\t<div class=\"elementor-widget-container\">\n\t\t\t\t\t\t\t<p class=\"element-bottom-30 pr30\"><a href=\"https:\/\/sundirect.ee\/et\/mis-on-infrapuna\/\" data-wplink-url-error=\"true\">Mis on infrapuna<\/a><\/p>\t\t\t\t\t\t<\/div>\n\t\t\t\t<\/div>\n\t\t\t\t<div class=\"elementor-element elementor-element-7e967d81 elementor-widget elementor-widget-text-editor\" data-id=\"7e967d81\" data-element_type=\"widget\" data-widget_type=\"text-editor.default\">\n\t\t\t\t<div class=\"elementor-widget-container\">\n\t\t\t\t\t\t\t<p class=\"element-bottom-30 pr30\"><a href=\"https:\/\/sundirect.ee\/et\/why-far-infrared\/\" data-wplink-url-error=\"true\">Miks infrapuna<\/a><\/p>\t\t\t\t\t\t<\/div>\n\t\t\t\t<\/div>\n\t\t\t\t<div class=\"elementor-element elementor-element-2c5c3f3e elementor-widget elementor-widget-text-editor\" data-id=\"2c5c3f3e\" data-element_type=\"widget\" data-widget_type=\"text-editor.default\">\n\t\t\t\t<div class=\"elementor-widget-container\">\n\t\t\t\t\t\t\t<p class=\"element-bottom-30 pr30\"><a href=\"https:\/\/sundirect.ee\/et\/sundirect-lubab-kvaliteeti\/\" data-wplink-url-error=\"true\">Sundirect lubab kvaliteeti<\/a><\/p>\t\t\t\t\t\t<\/div>\n\t\t\t\t<\/div>\n\t\t\t\t<div class=\"elementor-element elementor-element-4a2eefde elementor-widget elementor-widget-text-editor\" data-id=\"4a2eefde\" data-element_type=\"widget\" data-widget_type=\"text-editor.default\">\n\t\t\t\t<div class=\"elementor-widget-container\">\n\t\t\t\t\t\t\t<p class=\"element-bottom-30 pr30\"><a href=\"https:\/\/sundirect.ee\/et\/infrapuna-ja-pv\/\" data-wplink-url-error=\"true\">Infrapuna ja PV<\/a><\/p>\t\t\t\t\t\t<\/div>\n\t\t\t\t<\/div>\n\t\t\t\t\t<\/div>\n\t\t<\/div>\n\t\t\t\t\t\t\t<\/div>\n\t\t<\/section>\n\t\t\t\t\t<\/div>\n\t\t<\/div>\n\t\t\t\t<div class=\"elementor-column elementor-col-50 elementor-top-column elementor-element elementor-element-38f764b9\" data-id=\"38f764b9\" data-element_type=\"column\">\n\t\t\t<div class=\"elementor-widget-wrap elementor-element-populated\">\n\t\t\t\t\t\t\t\t<div class=\"elementor-element elementor-element-0a783bc elementor-widget elementor-widget-text-editor\" data-id=\"0a783bc\" data-element_type=\"widget\" data-widget_type=\"text-editor.default\">\n\t\t\t\t<div class=\"elementor-widget-container\">\n\t\t\t\t\t\t\t<p>P\u00f5hjused, miks valida Sundirect infrapunak\u00fcte<\/p>\t\t\t\t\t\t<\/div>\n\t\t\t\t<\/div>\n\t\t\t\t<div class=\"elementor-element elementor-element-7963369b elementor-widget elementor-widget-text-editor\" data-id=\"7963369b\" data-element_type=\"widget\" data-widget_type=\"text-editor.default\">\n\t\t\t\t<div class=\"elementor-widget-container\">\n\t\t\t\t\t\t\t<h4>Mugav k\u00fcte<\/h4><p>\u00a0<\/p><p><img loading=\"lazy\" decoding=\"async\" class=\"alignnone size-full wp-image-831\" src=\"https:\/\/www.sundirect-heater.com\/wp-content\/uploads\/2014\/09\/sundirect_comfortabel_heating.jpg\" alt=\"sundirect_comfortabel_heating\" width=\"294\" height=\"175\" \/><\/p><p>Infrapuna paneelkuumutid kiirgavad v\u00e4ga suure osa soojusest kiirgussoojuse kujul. See on samal lainepikkusel kui p\u00e4ikese k\u00f5ige tervislikumad kiired. Infrapunapaneelid soojendavad objekte otse, mitte ei soojenda \u00f5hku (mida teeb konvektsioonisoojus), ja loovad seel\u00e4bi teile parima ja k\u00f5ige hubasema soojustunde. V\u00f5rreldes konvektsioonk\u00fcttega ei teki infrapunapaneelide kasutamisel \u00f5huringlust ja seega ka tolmu ega niiskuse t\u00f5usu ruumis, mis loob puhta ja tervisliku ruumi\u00f5hu kliima.<\/p><h4>Energias\u00e4\u00e4stu<\/h4><p>\u00a0<\/p><p><img loading=\"lazy\" decoding=\"async\" class=\"alignnone wp-image-894 size-full\" src=\"https:\/\/www.sundirect-heater.com\/wp-content\/uploads\/2016\/07\/sundirect_direct_heating.png\" sizes=\"auto, (max-width: 1015px) 100vw, 1015px\" srcset=\"https:\/\/www.sundirect-heater.com\/wp-content\/uploads\/2016\/07\/sundirect_direct_heating.png 1015w, https:\/\/www.sundirect-heater.com\/wp-content\/uploads\/2016\/07\/sundirect_direct_heating-300x130.png 300w, https:\/\/www.sundirect-heater.com\/wp-content\/uploads\/2016\/07\/sundirect_direct_heating-768x334.png 768w\" width=\"1015\" height=\"441\" \/><\/p><p>Infrapunakiirgurid soojendavad otse k\u00f5iki esemeid v\u00f5i kehasid, mis on nende m\u00f5jualas, mis t\u00e4hendab, et soojus s\u00e4ilib palju kauem, mis toob kaasa energias\u00e4\u00e4stu.<br \/>Kui termostaadiga k\u00fctteseade on saavutanud soovitud toatemperatuuri, l\u00fclitub k\u00fctteseade automaatselt v\u00e4lja!<\/p><h4>Keskkonnas\u00f5bralik<\/h4><p>\u00a0<\/p><p><img loading=\"lazy\" decoding=\"async\" class=\"alignnone size-full wp-image-833\" src=\"https:\/\/www.sundirect-heater.com\/wp-content\/uploads\/2014\/09\/sundirect_eco_friendly.jpg\" alt=\"sundirect_eco_friendly\" width=\"294\" height=\"175\" \/><\/p><p>SUNDIRECT j\u00e4rgib t\u00e4ielikult rahvusvahelist keskkonnapoliitikat, kasutades k\u00f5iki pliivabu materjale (ROHS, REACH sertifikaat). Soovitame oma kliendile tungivalt kasutada infrapunak\u00fctteseadet koos tuule- v\u00f5i fotogalvaaniliste s\u00fcsteemidega ja anda seega aktiivne panus keskkonnas\u00f5bralikumasse \u00fchiskonda.<\/p>\t\t\t\t\t\t<\/div>\n\t\t\t\t<\/div>\n\t\t\t\t\t<\/div>\n\t\t<\/div>\n\t\t\t\t\t\t\t<\/div>\n\t\t<\/section>\n\t\t\t\t<section class=\"elementor-section elementor-top-section elementor-element elementor-element-6bf348e1 elementor-section-boxed elementor-section-height-default elementor-section-height-default\" data-id=\"6bf348e1\" data-element_type=\"section\">\n\t\t\t\t\t\t<div class=\"elementor-container elementor-column-gap-default\">\n\t\t\t\t\t<div class=\"elementor-column elementor-col-100 elementor-top-column elementor-element elementor-element-4873cc9b\" data-id=\"4873cc9b\" data-element_type=\"column\">\n\t\t\t<div class=\"elementor-widget-wrap elementor-element-populated\">\n\t\t\t\t\t\t\t\t<div class=\"elementor-element elementor-element-294aa09e elementor-widget elementor-widget-spacer\" data-id=\"294aa09e\" data-element_type=\"widget\" data-widget_type=\"spacer.default\">\n\t\t\t\t<div class=\"elementor-widget-container\">\n\t\t\t\t\t<div class=\"elementor-spacer\">\n\t\t\t<div class=\"elementor-spacer-inner\"><\/div>\n\t\t<\/div>\n\t\t\t\t<\/div>\n\t\t\t\t<\/div>\n\t\t\t\t\t<\/div>\n\t\t<\/div>\n\t\t\t\t\t\t\t<\/div>\n\t\t<\/section>\n\t\t\t\t\t\t\t<\/div>","protected":false},"excerpt":{"rendered":"<p>Miks kauginfrapuna tehnoloogia Mis on kauginfrapuna Miks kauginfrapuna Sundirect lubab kvaliteeti Infrapuna ja PV P\u00f5hjused, miks valida Sundirect infrapunak\u00fcte Mugav k\u00fctmine Infrapuna paneelk\u00fctteseadmed kiirgavad v\u00e4ga suure osa soojusest kiirgussoojuse kujul. See on samal lainepikkusel kui k\u00f5ige tervislikumad p\u00e4ikesekiired. Infrapunapaneelid soojendavad ...<\/p>\n<p class=\"read-more\"> <a class=\"\" href=\"https:\/\/sundirect.ee\/et\/miks-infrapuna\/\"> <span class=\"screen-reader-text\">Miks infrapuna<\/span> Loe edasi \"<\/a><\/p>","protected":false},"author":1,"featured_media":0,"parent":0,"menu_order":0,"comment_status":"closed","ping_status":"closed","template":"elementor_header_footer","meta":{"site-sidebar-layout":"no-sidebar","site-content-layout":"page-builder","ast-main-header-display":"","ast-hfb-above-header-display":"","ast-hfb-below-header-display":"","ast-hfb-mobile-header-display":"","site-post-title":"disabled","ast-breadcrumbs-content":"","ast-featured-img":"disabled","footer-sml-layout":"","theme-transparent-header-meta":"","adv-header-id-meta":"","stick-header-meta":"","header-above-stick-meta":"","header-main-stick-meta":"","header-below-stick-meta":"","footnotes":""},"class_list":["post-4188","page","type-page","status-publish","hentry"],"yoast_head":"<!-- This site is optimized with the Yoast SEO plugin v27.3 - https:\/\/yoast.com\/product\/yoast-seo-wordpress\/ -->\n<title>Why far infrared<\/title>\n<meta name=\"description\" content=\"Why far infrared TechnologyWhat\u2019s far infraredWhy far infraredSundirect promises qualityInfrared and PVReasons why you choose Sundirect Infrared\" \/>\n<meta name=\"robots\" content=\"index, follow, max-snippet:-1, max-image-preview:large, max-video-preview:-1\" \/>\n<link rel=\"canonical\" href=\"https:\/\/sundirect.ee\/et\/miks-infrapuna\/\" \/>\n<meta property=\"og:locale\" content=\"et_EE\" \/>\n<meta property=\"og:type\" content=\"article\" \/>\n<meta property=\"og:title\" content=\"Why far infrared\" \/>\n<meta property=\"og:description\" content=\"Why far infrared TechnologyWhat\u2019s far infraredWhy far infraredSundirect promises qualityInfrared and PVReasons why you choose Sundirect Infrared\" \/>\n<meta property=\"og:url\" content=\"https:\/\/sundirect.ee\/et\/miks-infrapuna\/\" \/>\n<meta property=\"og:site_name\" content=\"Sundirect\" \/>\n<meta property=\"article:modified_time\" content=\"2021-11-09T13:53:07+00:00\" \/>\n<meta property=\"og:image\" content=\"https:\/\/www.sundirect-heater.com\/wp-content\/uploads\/2014\/09\/sundirect_comfortabel_heating.jpg\" \/>\n<meta name=\"twitter:card\" content=\"summary_large_image\" \/>\n<meta name=\"twitter:label1\" content=\"Est. reading time\" \/>\n\t<meta name=\"twitter:data1\" content=\"1 minut\" \/>\n<script type=\"application\/ld+json\" class=\"yoast-schema-graph\">{\"@context\":\"https:\\\/\\\/schema.org\",\"@graph\":[{\"@type\":\"WebPage\",\"@id\":\"https:\\\/\\\/sundirect.ee\\\/why-far-infrared-heaters\\\/\",\"url\":\"https:\\\/\\\/sundirect.ee\\\/why-far-infrared-heaters\\\/\",\"name\":\"Why far infrared\",\"isPartOf\":{\"@id\":\"https:\\\/\\\/sundirect.ee\\\/#website\"},\"primaryImageOfPage\":{\"@id\":\"https:\\\/\\\/sundirect.ee\\\/why-far-infrared-heaters\\\/#primaryimage\"},\"image\":{\"@id\":\"https:\\\/\\\/sundirect.ee\\\/why-far-infrared-heaters\\\/#primaryimage\"},\"thumbnailUrl\":\"https:\\\/\\\/www.sundirect-heater.com\\\/wp-content\\\/uploads\\\/2014\\\/09\\\/sundirect_comfortabel_heating.jpg\",\"datePublished\":\"2021-11-09T13:09:07+00:00\",\"dateModified\":\"2021-11-09T13:53:07+00:00\",\"description\":\"Why far infrared TechnologyWhat\u2019s far infraredWhy far infraredSundirect promises qualityInfrared and PVReasons why you choose Sundirect Infrared\",\"breadcrumb\":{\"@id\":\"https:\\\/\\\/sundirect.ee\\\/why-far-infrared-heaters\\\/#breadcrumb\"},\"inLanguage\":\"et\",\"potentialAction\":[{\"@type\":\"ReadAction\",\"target\":[\"https:\\\/\\\/sundirect.ee\\\/why-far-infrared-heaters\\\/\"]}]},{\"@type\":\"ImageObject\",\"inLanguage\":\"et\",\"@id\":\"https:\\\/\\\/sundirect.ee\\\/why-far-infrared-heaters\\\/#primaryimage\",\"url\":\"https:\\\/\\\/www.sundirect-heater.com\\\/wp-content\\\/uploads\\\/2014\\\/09\\\/sundirect_comfortabel_heating.jpg\",\"contentUrl\":\"https:\\\/\\\/www.sundirect-heater.com\\\/wp-content\\\/uploads\\\/2014\\\/09\\\/sundirect_comfortabel_heating.jpg\"},{\"@type\":\"BreadcrumbList\",\"@id\":\"https:\\\/\\\/sundirect.ee\\\/why-far-infrared-heaters\\\/#breadcrumb\",\"itemListElement\":[{\"@type\":\"ListItem\",\"position\":1,\"name\":\"Home\",\"item\":\"https:\\\/\\\/sundirect.ee\\\/\"},{\"@type\":\"ListItem\",\"position\":2,\"name\":\"Why far infrared\"}]},{\"@type\":\"WebSite\",\"@id\":\"https:\\\/\\\/sundirect.ee\\\/#website\",\"url\":\"https:\\\/\\\/sundirect.ee\\\/\",\"name\":\"Sundirect\",\"description\":\"Infrapuna paneelid\",\"publisher\":{\"@id\":\"https:\\\/\\\/sundirect.ee\\\/#organization\"},\"potentialAction\":[{\"@type\":\"SearchAction\",\"target\":{\"@type\":\"EntryPoint\",\"urlTemplate\":\"https:\\\/\\\/sundirect.ee\\\/?s={search_term_string}\"},\"query-input\":{\"@type\":\"PropertyValueSpecification\",\"valueRequired\":true,\"valueName\":\"search_term_string\"}}],\"inLanguage\":\"et\"},{\"@type\":\"Organization\",\"@id\":\"https:\\\/\\\/sundirect.ee\\\/#organization\",\"name\":\"Hea Kaubandus O\u00dc\",\"url\":\"https:\\\/\\\/sundirect.ee\\\/\",\"logo\":{\"@type\":\"ImageObject\",\"inLanguage\":\"et\",\"@id\":\"https:\\\/\\\/sundirect.ee\\\/#\\\/schema\\\/logo\\\/image\\\/\",\"url\":\"https:\\\/\\\/sundirect.ee\\\/wp-content\\\/uploads\\\/2021\\\/10\\\/cropped-Sundirect-Logo-scaled-1.jpg\",\"contentUrl\":\"https:\\\/\\\/sundirect.ee\\\/wp-content\\\/uploads\\\/2021\\\/10\\\/cropped-Sundirect-Logo-scaled-1.jpg\",\"width\":2196,\"height\":444,\"caption\":\"Hea Kaubandus O\u00dc\"},\"image\":{\"@id\":\"https:\\\/\\\/sundirect.ee\\\/#\\\/schema\\\/logo\\\/image\\\/\"}}]}<\/script>\n<!-- \/ Yoast SEO plugin. -->","yoast_head_json":{"title":"Why far infrared","description":"Why far infrared TechnologyWhat\u2019s far infraredWhy far infraredSundirect promises qualityInfrared and PVReasons why you choose Sundirect Infrared","robots":{"index":"index","follow":"follow","max-snippet":"max-snippet:-1","max-image-preview":"max-image-preview:large","max-video-preview":"max-video-preview:-1"},"canonical":"https:\/\/sundirect.ee\/et\/miks-infrapuna\/","og_locale":"et_EE","og_type":"article","og_title":"Why far infrared","og_description":"Why far infrared TechnologyWhat\u2019s far infraredWhy far infraredSundirect promises qualityInfrared and PVReasons why you choose Sundirect Infrared","og_url":"https:\/\/sundirect.ee\/et\/miks-infrapuna\/","og_site_name":"Sundirect","article_modified_time":"2021-11-09T13:53:07+00:00","og_image":[{"url":"https:\/\/www.sundirect-heater.com\/wp-content\/uploads\/2014\/09\/sundirect_comfortabel_heating.jpg","type":"","width":"","height":""}],"twitter_card":"summary_large_image","twitter_misc":{"Est. reading time":"1 minut"},"schema":{"@context":"https:\/\/schema.org","@graph":[{"@type":"WebPage","@id":"https:\/\/sundirect.ee\/why-far-infrared-heaters\/","url":"https:\/\/sundirect.ee\/why-far-infrared-heaters\/","name":"Why far infrared","isPartOf":{"@id":"https:\/\/sundirect.ee\/#website"},"primaryImageOfPage":{"@id":"https:\/\/sundirect.ee\/why-far-infrared-heaters\/#primaryimage"},"image":{"@id":"https:\/\/sundirect.ee\/why-far-infrared-heaters\/#primaryimage"},"thumbnailUrl":"https:\/\/www.sundirect-heater.com\/wp-content\/uploads\/2014\/09\/sundirect_comfortabel_heating.jpg","datePublished":"2021-11-09T13:09:07+00:00","dateModified":"2021-11-09T13:53:07+00:00","description":"Why far infrared TechnologyWhat\u2019s far infraredWhy far infraredSundirect promises qualityInfrared and PVReasons why you choose Sundirect Infrared","breadcrumb":{"@id":"https:\/\/sundirect.ee\/why-far-infrared-heaters\/#breadcrumb"},"inLanguage":"et","potentialAction":[{"@type":"ReadAction","target":["https:\/\/sundirect.ee\/why-far-infrared-heaters\/"]}]},{"@type":"ImageObject","inLanguage":"et","@id":"https:\/\/sundirect.ee\/why-far-infrared-heaters\/#primaryimage","url":"https:\/\/www.sundirect-heater.com\/wp-content\/uploads\/2014\/09\/sundirect_comfortabel_heating.jpg","contentUrl":"https:\/\/www.sundirect-heater.com\/wp-content\/uploads\/2014\/09\/sundirect_comfortabel_heating.jpg"},{"@type":"BreadcrumbList","@id":"https:\/\/sundirect.ee\/why-far-infrared-heaters\/#breadcrumb","itemListElement":[{"@type":"ListItem","position":1,"name":"Home","item":"https:\/\/sundirect.ee\/"},{"@type":"ListItem","position":2,"name":"Why far infrared"}]},{"@type":"WebSite","@id":"https:\/\/sundirect.ee\/#website","url":"https:\/\/sundirect.ee\/","name":"Sundirect","description":"Infrapuna paneelid","publisher":{"@id":"https:\/\/sundirect.ee\/#organization"},"potentialAction":[{"@type":"SearchAction","target":{"@type":"EntryPoint","urlTemplate":"https:\/\/sundirect.ee\/?s={search_term_string}"},"query-input":{"@type":"PropertyValueSpecification","valueRequired":true,"valueName":"search_term_string"}}],"inLanguage":"et"},{"@type":"Organization","@id":"https:\/\/sundirect.ee\/#organization","name":"Hea Kaubandus O\u00dc","url":"https:\/\/sundirect.ee\/","logo":{"@type":"ImageObject","inLanguage":"et","@id":"https:\/\/sundirect.ee\/#\/schema\/logo\/image\/","url":"https:\/\/sundirect.ee\/wp-content\/uploads\/2021\/10\/cropped-Sundirect-Logo-scaled-1.jpg","contentUrl":"https:\/\/sundirect.ee\/wp-content\/uploads\/2021\/10\/cropped-Sundirect-Logo-scaled-1.jpg","width":2196,"height":444,"caption":"Hea Kaubandus O\u00dc"},"image":{"@id":"https:\/\/sundirect.ee\/#\/schema\/logo\/image\/"}}]}},"_links":{"self":[{"href":"https:\/\/sundirect.ee\/et\/wp-json\/wp\/v2\/pages\/4188","targetHints":{"allow":["GET"]}}],"collection":[{"href":"https:\/\/sundirect.ee\/et\/wp-json\/wp\/v2\/pages"}],"about":[{"href":"https:\/\/sundirect.ee\/et\/wp-json\/wp\/v2\/types\/page"}],"author":[{"embeddable":true,"href":"https:\/\/sundirect.ee\/et\/wp-json\/wp\/v2\/users\/1"}],"replies":[{"embeddable":true,"href":"https:\/\/sundirect.ee\/et\/wp-json\/wp\/v2\/comments?post=4188"}],"version-history":[{"count":55,"href":"https:\/\/sundirect.ee\/et\/wp-json\/wp\/v2\/pages\/4188\/revisions"}],"predecessor-version":[{"id":4350,"href":"https:\/\/sundirect.ee\/et\/wp-json\/wp\/v2\/pages\/4188\/revisions\/4350"}],"wp:attachment":[{"href":"https:\/\/sundirect.ee\/et\/wp-json\/wp\/v2\/media?parent=4188"}],"curies":[{"name":"wp","href":"https:\/\/api.w.org\/{rel}","templated":true}]}}