{"id":4248,"date":"2021-11-09T13:25:30","date_gmt":"2021-11-09T13:25:30","guid":{"rendered":"https:\/\/sundirect.ee\/?page_id=4248"},"modified":"2021-11-09T13:51:29","modified_gmt":"2021-11-09T13:51:29","slug":"sundirect-promises-quality","status":"publish","type":"page","link":"https:\/\/sundirect.ee\/et\/sundirect-lubab-kvaliteeti\/","title":{"rendered":"Sundirect lubab kvaliteeti"},"content":{"rendered":"<div data-elementor-type=\"wp-page\" data-elementor-id=\"4248\" class=\"elementor elementor-4248\">\n\t\t\t\t\t\t\t\t\t<section class=\"elementor-section elementor-top-section elementor-element elementor-element-6369f7c2 elementor-section-full_width elementor-section-height-min-height elementor-section-height-default elementor-section-items-middle\" data-id=\"6369f7c2\" data-element_type=\"section\" data-settings=\"{&quot;background_background&quot;:&quot;classic&quot;}\">\n\t\t\t\t\t\t<div class=\"elementor-container elementor-column-gap-default\">\n\t\t\t\t\t<div class=\"elementor-column elementor-col-100 elementor-top-column elementor-element elementor-element-84939fa\" data-id=\"84939fa\" data-element_type=\"column\">\n\t\t\t<div class=\"elementor-widget-wrap elementor-element-populated\">\n\t\t\t\t\t\t\t\t<div class=\"elementor-element elementor-element-180497e6 elementor-widget elementor-widget-spacer\" data-id=\"180497e6\" data-element_type=\"widget\" data-widget_type=\"spacer.default\">\n\t\t\t\t<div class=\"elementor-widget-container\">\n\t\t\t\t\t<div class=\"elementor-spacer\">\n\t\t\t<div class=\"elementor-spacer-inner\"><\/div>\n\t\t<\/div>\n\t\t\t\t<\/div>\n\t\t\t\t<\/div>\n\t\t\t\t<section class=\"elementor-section elementor-inner-section elementor-element elementor-element-33bbae9b elementor-section-boxed elementor-section-height-default elementor-section-height-default\" data-id=\"33bbae9b\" data-element_type=\"section\">\n\t\t\t\t\t\t<div class=\"elementor-container elementor-column-gap-default\">\n\t\t\t\t\t<div class=\"elementor-column elementor-col-100 elementor-inner-column elementor-element elementor-element-27babbfd\" data-id=\"27babbfd\" data-element_type=\"column\">\n\t\t\t<div class=\"elementor-widget-wrap elementor-element-populated\">\n\t\t\t\t\t\t\t\t<div class=\"elementor-element elementor-element-6535d56d elementor-widget elementor-widget-text-editor\" data-id=\"6535d56d\" data-element_type=\"widget\" data-widget_type=\"text-editor.default\">\n\t\t\t\t<div class=\"elementor-widget-container\">\n\t\t\t\t\t\t\t<p class=\"text-center element-top-180 element-bottom-190 text-light os-animation bigger default animated fadeIn\" style=\"text-align: center;\" data-os-animation=\"fadeIn\" data-os-animation-delay=\"0s\"><span style=\"color: #ffffff;\">Sundirect lubab kvaliteeti<\/span><\/p>\t\t\t\t\t\t<\/div>\n\t\t\t\t<\/div>\n\t\t\t\t\t<\/div>\n\t\t<\/div>\n\t\t\t\t\t\t\t<\/div>\n\t\t<\/section>\n\t\t\t\t\t<\/div>\n\t\t<\/div>\n\t\t\t\t\t\t\t<\/div>\n\t\t<\/section>\n\t\t\t\t<section class=\"elementor-section elementor-top-section elementor-element elementor-element-492e47eb elementor-section-boxed elementor-section-height-default elementor-section-height-default\" data-id=\"492e47eb\" data-element_type=\"section\">\n\t\t\t\t\t\t<div class=\"elementor-container elementor-column-gap-default\">\n\t\t\t\t\t<div class=\"elementor-column elementor-col-100 elementor-top-column elementor-element elementor-element-434c813d\" data-id=\"434c813d\" data-element_type=\"column\">\n\t\t\t<div class=\"elementor-widget-wrap elementor-element-populated\">\n\t\t\t\t\t\t\t\t<div class=\"elementor-element elementor-element-3105170c elementor-widget elementor-widget-spacer\" data-id=\"3105170c\" data-element_type=\"widget\" data-widget_type=\"spacer.default\">\n\t\t\t\t<div class=\"elementor-widget-container\">\n\t\t\t\t\t<div class=\"elementor-spacer\">\n\t\t\t<div class=\"elementor-spacer-inner\"><\/div>\n\t\t<\/div>\n\t\t\t\t<\/div>\n\t\t\t\t<\/div>\n\t\t\t\t\t<\/div>\n\t\t<\/div>\n\t\t\t\t\t\t\t<\/div>\n\t\t<\/section>\n\t\t\t\t<section class=\"elementor-section elementor-top-section elementor-element elementor-element-6d026d36 elementor-section-boxed elementor-section-height-default elementor-section-height-default\" data-id=\"6d026d36\" data-element_type=\"section\">\n\t\t\t\t\t\t<div class=\"elementor-container elementor-column-gap-default\">\n\t\t\t\t\t<div class=\"elementor-column elementor-col-50 elementor-top-column elementor-element elementor-element-22852f16\" data-id=\"22852f16\" data-element_type=\"column\">\n\t\t\t<div class=\"elementor-widget-wrap elementor-element-populated\">\n\t\t\t\t\t\t\t\t<section class=\"elementor-section elementor-inner-section elementor-element elementor-element-6ce9ca1d elementor-section-boxed elementor-section-height-default elementor-section-height-default\" data-id=\"6ce9ca1d\" data-element_type=\"section\">\n\t\t\t\t\t\t<div class=\"elementor-container elementor-column-gap-default\">\n\t\t\t\t\t<div class=\"elementor-column elementor-col-100 elementor-inner-column elementor-element elementor-element-1ffb85db\" data-id=\"1ffb85db\" data-element_type=\"column\">\n\t\t\t<div class=\"elementor-widget-wrap elementor-element-populated\">\n\t\t\t\t\t\t\t\t<div class=\"elementor-element elementor-element-783a7a40 elementor-widget elementor-widget-text-editor\" data-id=\"783a7a40\" data-element_type=\"widget\" data-widget_type=\"text-editor.default\">\n\t\t\t\t<div class=\"elementor-widget-container\">\n\t\t\t\t\t\t\t<p><strong>Tehnoloogia<\/strong><\/p>\t\t\t\t\t\t<\/div>\n\t\t\t\t<\/div>\n\t\t\t\t<div class=\"elementor-element elementor-element-5cfce77d elementor-widget elementor-widget-text-editor\" data-id=\"5cfce77d\" data-element_type=\"widget\" data-widget_type=\"text-editor.default\">\n\t\t\t\t<div class=\"elementor-widget-container\">\n\t\t\t\t\t\t\t<p class=\"element-bottom-30 pr30\"><a href=\"https:\/\/sundirect.ee\/et\/mis-on-infrapuna\/\" data-wplink-url-error=\"true\">Mis on infrapuna<\/a><\/p>\t\t\t\t\t\t<\/div>\n\t\t\t\t<\/div>\n\t\t\t\t<div class=\"elementor-element elementor-element-2e767c19 elementor-widget elementor-widget-text-editor\" data-id=\"2e767c19\" data-element_type=\"widget\" data-widget_type=\"text-editor.default\">\n\t\t\t\t<div class=\"elementor-widget-container\">\n\t\t\t\t\t\t\t<p class=\"element-bottom-30 pr30\"><a href=\"https:\/\/sundirect.ee\/et\/why-far-infrared\/\" data-wplink-url-error=\"true\">Miks infrapuna<\/a><\/p>\t\t\t\t\t\t<\/div>\n\t\t\t\t<\/div>\n\t\t\t\t<div class=\"elementor-element elementor-element-4d9added elementor-widget elementor-widget-text-editor\" data-id=\"4d9added\" data-element_type=\"widget\" data-widget_type=\"text-editor.default\">\n\t\t\t\t<div class=\"elementor-widget-container\">\n\t\t\t\t\t\t\t<p class=\"element-bottom-30 pr30\"><a href=\"https:\/\/sundirect.ee\/et\/sundirect-lubab-kvaliteeti\/\" data-wplink-url-error=\"true\">Sundirect lubab kvaliteeti<\/a><\/p>\t\t\t\t\t\t<\/div>\n\t\t\t\t<\/div>\n\t\t\t\t<div class=\"elementor-element elementor-element-77683fbe elementor-widget elementor-widget-text-editor\" data-id=\"77683fbe\" data-element_type=\"widget\" data-widget_type=\"text-editor.default\">\n\t\t\t\t<div class=\"elementor-widget-container\">\n\t\t\t\t\t\t\t<p class=\"element-bottom-30 pr30\"><a href=\"https:\/\/sundirect.ee\/et\/infrapuna-ja-pv\/\" data-wplink-url-error=\"true\">Infrapuna ja PV<\/a><\/p>\t\t\t\t\t\t<\/div>\n\t\t\t\t<\/div>\n\t\t\t\t\t<\/div>\n\t\t<\/div>\n\t\t\t\t\t\t\t<\/div>\n\t\t<\/section>\n\t\t\t\t\t<\/div>\n\t\t<\/div>\n\t\t\t\t<div class=\"elementor-column elementor-col-50 elementor-top-column elementor-element elementor-element-705f02d9\" data-id=\"705f02d9\" data-element_type=\"column\">\n\t\t\t<div class=\"elementor-widget-wrap elementor-element-populated\">\n\t\t\t\t\t\t\t\t<div class=\"elementor-element elementor-element-4c1fc2ec elementor-widget elementor-widget-text-editor\" data-id=\"4c1fc2ec\" data-element_type=\"widget\" data-widget_type=\"text-editor.default\">\n\t\t\t\t<div class=\"elementor-widget-container\">\n\t\t\t\t\t\t\t<h5>Sundirect lubab kvaliteeti<\/h5><p>Sundirect pakub k\u00f5ige k\u00f5rgema kvaliteediga k\u00fcttepaneele, mis on turul saadaval, iga tootmisprotsess on h\u00e4sti kavandatud ja k\u00f5ik paneelid kontrollitakse hoolikalt enne tehasest v\u00e4ljumist.<\/p><h5>Ettev\u00f5ttesiseselt toodetud s\u00fcsinikkristallk\u00fctteelement<\/h5><p>K\u00f5igist osadest, mis m\u00e4\u00e4ravad paneelide kvaliteedi ja eluea, teeb k\u00fctteelement olulise vahet. Me suudame selle kvaliteedi tagada, kuna k\u00fctteelementi toodetakse meie enda juures. V\u00f5rreldes meie konkurentidega, kes kasutavad s\u00fcsinikkiust k\u00fctteelementi, pakume me ainulaadset s\u00fcsinikkristallide versiooni. Kasutame s\u00fcsinikkristallide tootmiseks Saksa tehnoloogiat, mis on s\u00fcsinikkiust t\u00e4iustatud versioon. See k\u00f5rvaldab kuumade kohtade probleemi ja loob \u00fchtlasema pinnatemperatuuri (10 kraadi piires). Lisades erilisi keemilisi materjale tindile, mis tekitavad soojust, parandab Sundirecti s\u00fcsinikkristallide k\u00fctteelement veelgi, eriti kui t\u00f6\u00f6tatakse umbes 100-kraadise t\u00f6\u00f6temperatuuri \u00fcmbruses.<\/p><p><img loading=\"lazy\" decoding=\"async\" class=\"alignnone wp-image-878 size-full\" src=\"https:\/\/www.sundirect-heater.com\/wp-content\/uploads\/2016\/07\/sundirect_carbon_crystal_heating_element_2.jpg\" sizes=\"auto, (max-width: 850px) 100vw, 850px\" srcset=\"https:\/\/www.sundirect-heater.com\/wp-content\/uploads\/2016\/07\/sundirect_carbon_crystal_heating_element_2.jpg 850w, https:\/\/www.sundirect-heater.com\/wp-content\/uploads\/2016\/07\/sundirect_carbon_crystal_heating_element_2-300x200.jpg 300w, https:\/\/www.sundirect-heater.com\/wp-content\/uploads\/2016\/07\/sundirect_carbon_crystal_heating_element_2-768x511.jpg 768w, https:\/\/www.sundirect-heater.com\/wp-content\/uploads\/2016\/07\/sundirect_carbon_crystal_heating_element_2-600x400.jpg 600w\" width=\"850\" height=\"566\" \/><\/p><h5>Parem disain, parem t\u00f5husus<\/h5><p>Paneeli konstruktsioon on selle t\u00f5hususe seisukohast v\u00e4ga oluline. Me kasutame valgeid alumiinium- v\u00f5i klaas-\/peegelpindu k\u00fcttekeha kohal, et \u00fcmardada disaini. K\u00f5ik Sundirecti paneelid kasutavad k\u00fctteelementi, isolatsioonimaterjali ja peegelduskihti. Enamik konkurente ei kasuta isolatsioonimaterjale lihtsamate tootmisetappide t\u00f5ttu, samas kui see on disaini puhul \u00fcks olulisemaid tegureid. Me kasutame paneeli sees 3 mm paksust klaaskiudude isolatsiooni, mis v\u00e4hendab energiakadu, mille tulemuseks on energias\u00e4\u00e4st, mis muudab meie paneelid 7-8% t\u00f5husamaks.<\/p><p><img loading=\"lazy\" decoding=\"async\" class=\"alignnone wp-image-879 size-full\" src=\"https:\/\/www.sundirect-heater.com\/wp-content\/uploads\/2016\/07\/sundirect_infrared_heater_thermo_image.jpg\" sizes=\"auto, (max-width: 526px) 100vw, 526px\" srcset=\"https:\/\/www.sundirect-heater.com\/wp-content\/uploads\/2016\/07\/sundirect_infrared_heater_thermo_image.jpg 526w, https:\/\/www.sundirect-heater.com\/wp-content\/uploads\/2016\/07\/sundirect_infrared_heater_thermo_image-300x200.jpg 300w\" width=\"526\" height=\"349\" \/><\/p><h5>\"SMP\" kvaliteedikontrolli s\u00fcsteem<\/h5><p>Hea kvaliteedikontrollis\u00fcsteem tagab, et k\u00f5ik meie tooted vastavad k\u00f5rgeimatele n\u00f5uetele. Me toodame vastavalt ISO9001 standardile, mis muudab iga tootmisetapi j\u00e4lgitavaks. Lisaks sellele on Sundirectil omaenda sisemine kvaliteedikontrollis\u00fcsteem nimega \"SMP\" QC s\u00fcsteem. Igal paneelil on j\u00e4lgitav seerianumber, mis on seotud kogu tootmisega seotud teabega, samuti p\u00e4rast tootmist tehtud termopildiga.<\/p><p><img loading=\"lazy\" decoding=\"async\" class=\"alignnone wp-image-880 size-full\" src=\"https:\/\/www.sundirect-heater.com\/wp-content\/uploads\/2016\/07\/sundirect_QC_system.png\" sizes=\"auto, (max-width: 709px) 100vw, 709px\" srcset=\"https:\/\/www.sundirect-heater.com\/wp-content\/uploads\/2016\/07\/sundirect_QC_system.png 709w, https:\/\/www.sundirect-heater.com\/wp-content\/uploads\/2016\/07\/sundirect_QC_system-300x194.png 300w\" width=\"709\" height=\"458\" \/><\/p>\t\t\t\t\t\t<\/div>\n\t\t\t\t<\/div>\n\t\t\t\t\t<\/div>\n\t\t<\/div>\n\t\t\t\t\t\t\t<\/div>\n\t\t<\/section>\n\t\t\t\t<section class=\"elementor-section elementor-top-section elementor-element elementor-element-3c61e235 elementor-section-boxed elementor-section-height-default elementor-section-height-default\" data-id=\"3c61e235\" data-element_type=\"section\">\n\t\t\t\t\t\t<div class=\"elementor-container elementor-column-gap-default\">\n\t\t\t\t\t<div class=\"elementor-column elementor-col-100 elementor-top-column elementor-element elementor-element-218a015a\" data-id=\"218a015a\" data-element_type=\"column\">\n\t\t\t<div class=\"elementor-widget-wrap elementor-element-populated\">\n\t\t\t\t\t\t\t\t<div class=\"elementor-element elementor-element-2e22dc6b elementor-widget elementor-widget-spacer\" data-id=\"2e22dc6b\" data-element_type=\"widget\" data-widget_type=\"spacer.default\">\n\t\t\t\t<div class=\"elementor-widget-container\">\n\t\t\t\t\t<div class=\"elementor-spacer\">\n\t\t\t<div class=\"elementor-spacer-inner\"><\/div>\n\t\t<\/div>\n\t\t\t\t<\/div>\n\t\t\t\t<\/div>\n\t\t\t\t\t<\/div>\n\t\t<\/div>\n\t\t\t\t\t\t\t<\/div>\n\t\t<\/section>\n\t\t\t\t\t\t\t<\/div>","protected":false},"excerpt":{"rendered":"<p>Sundirect lubab kvaliteeti Tehnoloogia Mis on kauginfrapuna Miks kauginfrapuna Sundirect lubab kvaliteeti Infrapuna ja PV Sundirect lubab kvaliteeti Sundirect pakub k\u00f5ige k\u00f5rgema kvaliteediga paneelk\u00fctte turul, iga tootmisprotsess on h\u00e4sti kavandatud ja k\u00f5ik paneelid kontrollitakse hoolikalt enne tehasest v\u00e4ljumist. Ettev\u00f5ttesiseselt toodetud s\u00fcsinikkristallk\u00fctteelement k\u00f5igi ...<\/p>\n<p class=\"read-more\"> <a class=\"\" href=\"https:\/\/sundirect.ee\/et\/sundirect-lubab-kvaliteeti\/\"> <span class=\"screen-reader-text\">Sundirect lubab kvaliteeti<\/span> Loe edasi \"<\/a><\/p>","protected":false},"author":1,"featured_media":0,"parent":0,"menu_order":0,"comment_status":"closed","ping_status":"closed","template":"elementor_header_footer","meta":{"site-sidebar-layout":"no-sidebar","site-content-layout":"page-builder","ast-main-header-display":"","ast-hfb-above-header-display":"","ast-hfb-below-header-display":"","ast-hfb-mobile-header-display":"","site-post-title":"disabled","ast-breadcrumbs-content":"","ast-featured-img":"disabled","footer-sml-layout":"","theme-transparent-header-meta":"","adv-header-id-meta":"","stick-header-meta":"","header-above-stick-meta":"","header-main-stick-meta":"","header-below-stick-meta":"","footnotes":""},"class_list":["post-4248","page","type-page","status-publish","hentry"],"yoast_head":"<!-- This site is optimized with the Yoast SEO plugin v27.5 - https:\/\/yoast.com\/product\/yoast-seo-wordpress\/ -->\n<title>Sundirect promises quality<\/title>\n<meta name=\"description\" content=\"Sundirect promises quality TechnologyWhat\u2019s far infraredWhy far infraredSundirect promises qualityInfrared and PVSundirect promises qualitySundirect\" \/>\n<meta name=\"robots\" content=\"index, follow, max-snippet:-1, max-image-preview:large, max-video-preview:-1\" \/>\n<link rel=\"canonical\" href=\"https:\/\/sundirect.ee\/et\/sundirect-lubab-kvaliteeti\/\" \/>\n<meta property=\"og:locale\" content=\"et_EE\" \/>\n<meta property=\"og:type\" content=\"article\" \/>\n<meta property=\"og:title\" content=\"Sundirect promises quality\" \/>\n<meta property=\"og:description\" content=\"Sundirect promises quality TechnologyWhat\u2019s far infraredWhy far infraredSundirect promises qualityInfrared and PVSundirect promises qualitySundirect\" \/>\n<meta property=\"og:url\" content=\"https:\/\/sundirect.ee\/et\/sundirect-lubab-kvaliteeti\/\" \/>\n<meta property=\"og:site_name\" content=\"Sundirect\" \/>\n<meta property=\"article:modified_time\" content=\"2021-11-09T13:51:29+00:00\" \/>\n<meta property=\"og:image\" content=\"https:\/\/www.sundirect-heater.com\/wp-content\/uploads\/2016\/07\/sundirect_carbon_crystal_heating_element_2.jpg\" \/>\n<meta name=\"twitter:card\" content=\"summary_large_image\" \/>\n<meta name=\"twitter:label1\" content=\"Est. reading time\" \/>\n\t<meta name=\"twitter:data1\" content=\"2 minutit\" \/>\n<script type=\"application\/ld+json\" class=\"yoast-schema-graph\">{\"@context\":\"https:\\\/\\\/schema.org\",\"@graph\":[{\"@type\":\"WebPage\",\"@id\":\"https:\\\/\\\/sundirect.ee\\\/sundirect-promises-quality\\\/\",\"url\":\"https:\\\/\\\/sundirect.ee\\\/sundirect-promises-quality\\\/\",\"name\":\"Sundirect promises quality\",\"isPartOf\":{\"@id\":\"https:\\\/\\\/sundirect.ee\\\/#website\"},\"primaryImageOfPage\":{\"@id\":\"https:\\\/\\\/sundirect.ee\\\/sundirect-promises-quality\\\/#primaryimage\"},\"image\":{\"@id\":\"https:\\\/\\\/sundirect.ee\\\/sundirect-promises-quality\\\/#primaryimage\"},\"thumbnailUrl\":\"https:\\\/\\\/www.sundirect-heater.com\\\/wp-content\\\/uploads\\\/2016\\\/07\\\/sundirect_carbon_crystal_heating_element_2.jpg\",\"datePublished\":\"2021-11-09T13:25:30+00:00\",\"dateModified\":\"2021-11-09T13:51:29+00:00\",\"description\":\"Sundirect promises quality TechnologyWhat\u2019s far infraredWhy far infraredSundirect promises qualityInfrared and PVSundirect promises qualitySundirect\",\"breadcrumb\":{\"@id\":\"https:\\\/\\\/sundirect.ee\\\/sundirect-promises-quality\\\/#breadcrumb\"},\"inLanguage\":\"et\",\"potentialAction\":[{\"@type\":\"ReadAction\",\"target\":[\"https:\\\/\\\/sundirect.ee\\\/sundirect-promises-quality\\\/\"]}]},{\"@type\":\"ImageObject\",\"inLanguage\":\"et\",\"@id\":\"https:\\\/\\\/sundirect.ee\\\/sundirect-promises-quality\\\/#primaryimage\",\"url\":\"https:\\\/\\\/www.sundirect-heater.com\\\/wp-content\\\/uploads\\\/2016\\\/07\\\/sundirect_carbon_crystal_heating_element_2.jpg\",\"contentUrl\":\"https:\\\/\\\/www.sundirect-heater.com\\\/wp-content\\\/uploads\\\/2016\\\/07\\\/sundirect_carbon_crystal_heating_element_2.jpg\"},{\"@type\":\"BreadcrumbList\",\"@id\":\"https:\\\/\\\/sundirect.ee\\\/sundirect-promises-quality\\\/#breadcrumb\",\"itemListElement\":[{\"@type\":\"ListItem\",\"position\":1,\"name\":\"Home\",\"item\":\"https:\\\/\\\/sundirect.ee\\\/\"},{\"@type\":\"ListItem\",\"position\":2,\"name\":\"Sundirect promises quality\"}]},{\"@type\":\"WebSite\",\"@id\":\"https:\\\/\\\/sundirect.ee\\\/#website\",\"url\":\"https:\\\/\\\/sundirect.ee\\\/\",\"name\":\"Sundirect\",\"description\":\"Infrapuna paneelid\",\"publisher\":{\"@id\":\"https:\\\/\\\/sundirect.ee\\\/#organization\"},\"potentialAction\":[{\"@type\":\"SearchAction\",\"target\":{\"@type\":\"EntryPoint\",\"urlTemplate\":\"https:\\\/\\\/sundirect.ee\\\/?s={search_term_string}\"},\"query-input\":{\"@type\":\"PropertyValueSpecification\",\"valueRequired\":true,\"valueName\":\"search_term_string\"}}],\"inLanguage\":\"et\"},{\"@type\":\"Organization\",\"@id\":\"https:\\\/\\\/sundirect.ee\\\/#organization\",\"name\":\"Hea Kaubandus O\u00dc\",\"url\":\"https:\\\/\\\/sundirect.ee\\\/\",\"logo\":{\"@type\":\"ImageObject\",\"inLanguage\":\"et\",\"@id\":\"https:\\\/\\\/sundirect.ee\\\/#\\\/schema\\\/logo\\\/image\\\/\",\"url\":\"https:\\\/\\\/sundirect.ee\\\/wp-content\\\/uploads\\\/2021\\\/10\\\/cropped-Sundirect-Logo-scaled-1.jpg\",\"contentUrl\":\"https:\\\/\\\/sundirect.ee\\\/wp-content\\\/uploads\\\/2021\\\/10\\\/cropped-Sundirect-Logo-scaled-1.jpg\",\"width\":2196,\"height\":444,\"caption\":\"Hea Kaubandus O\u00dc\"},\"image\":{\"@id\":\"https:\\\/\\\/sundirect.ee\\\/#\\\/schema\\\/logo\\\/image\\\/\"}}]}<\/script>\n<!-- \/ Yoast SEO plugin. -->","yoast_head_json":{"title":"Sundirect promises quality","description":"Sundirect promises quality TechnologyWhat\u2019s far infraredWhy far infraredSundirect promises qualityInfrared and PVSundirect promises qualitySundirect","robots":{"index":"index","follow":"follow","max-snippet":"max-snippet:-1","max-image-preview":"max-image-preview:large","max-video-preview":"max-video-preview:-1"},"canonical":"https:\/\/sundirect.ee\/et\/sundirect-lubab-kvaliteeti\/","og_locale":"et_EE","og_type":"article","og_title":"Sundirect promises quality","og_description":"Sundirect promises quality TechnologyWhat\u2019s far infraredWhy far infraredSundirect promises qualityInfrared and PVSundirect promises qualitySundirect","og_url":"https:\/\/sundirect.ee\/et\/sundirect-lubab-kvaliteeti\/","og_site_name":"Sundirect","article_modified_time":"2021-11-09T13:51:29+00:00","og_image":[{"url":"https:\/\/www.sundirect-heater.com\/wp-content\/uploads\/2016\/07\/sundirect_carbon_crystal_heating_element_2.jpg","type":"","width":"","height":""}],"twitter_card":"summary_large_image","twitter_misc":{"Est. reading time":"2 minutit"},"schema":{"@context":"https:\/\/schema.org","@graph":[{"@type":"WebPage","@id":"https:\/\/sundirect.ee\/sundirect-promises-quality\/","url":"https:\/\/sundirect.ee\/sundirect-promises-quality\/","name":"Sundirect promises quality","isPartOf":{"@id":"https:\/\/sundirect.ee\/#website"},"primaryImageOfPage":{"@id":"https:\/\/sundirect.ee\/sundirect-promises-quality\/#primaryimage"},"image":{"@id":"https:\/\/sundirect.ee\/sundirect-promises-quality\/#primaryimage"},"thumbnailUrl":"https:\/\/www.sundirect-heater.com\/wp-content\/uploads\/2016\/07\/sundirect_carbon_crystal_heating_element_2.jpg","datePublished":"2021-11-09T13:25:30+00:00","dateModified":"2021-11-09T13:51:29+00:00","description":"Sundirect promises quality TechnologyWhat\u2019s far infraredWhy far infraredSundirect promises qualityInfrared and PVSundirect promises qualitySundirect","breadcrumb":{"@id":"https:\/\/sundirect.ee\/sundirect-promises-quality\/#breadcrumb"},"inLanguage":"et","potentialAction":[{"@type":"ReadAction","target":["https:\/\/sundirect.ee\/sundirect-promises-quality\/"]}]},{"@type":"ImageObject","inLanguage":"et","@id":"https:\/\/sundirect.ee\/sundirect-promises-quality\/#primaryimage","url":"https:\/\/www.sundirect-heater.com\/wp-content\/uploads\/2016\/07\/sundirect_carbon_crystal_heating_element_2.jpg","contentUrl":"https:\/\/www.sundirect-heater.com\/wp-content\/uploads\/2016\/07\/sundirect_carbon_crystal_heating_element_2.jpg"},{"@type":"BreadcrumbList","@id":"https:\/\/sundirect.ee\/sundirect-promises-quality\/#breadcrumb","itemListElement":[{"@type":"ListItem","position":1,"name":"Home","item":"https:\/\/sundirect.ee\/"},{"@type":"ListItem","position":2,"name":"Sundirect promises quality"}]},{"@type":"WebSite","@id":"https:\/\/sundirect.ee\/#website","url":"https:\/\/sundirect.ee\/","name":"Sundirect","description":"Infrapuna paneelid","publisher":{"@id":"https:\/\/sundirect.ee\/#organization"},"potentialAction":[{"@type":"SearchAction","target":{"@type":"EntryPoint","urlTemplate":"https:\/\/sundirect.ee\/?s={search_term_string}"},"query-input":{"@type":"PropertyValueSpecification","valueRequired":true,"valueName":"search_term_string"}}],"inLanguage":"et"},{"@type":"Organization","@id":"https:\/\/sundirect.ee\/#organization","name":"Hea Kaubandus O\u00dc","url":"https:\/\/sundirect.ee\/","logo":{"@type":"ImageObject","inLanguage":"et","@id":"https:\/\/sundirect.ee\/#\/schema\/logo\/image\/","url":"https:\/\/sundirect.ee\/wp-content\/uploads\/2021\/10\/cropped-Sundirect-Logo-scaled-1.jpg","contentUrl":"https:\/\/sundirect.ee\/wp-content\/uploads\/2021\/10\/cropped-Sundirect-Logo-scaled-1.jpg","width":2196,"height":444,"caption":"Hea Kaubandus O\u00dc"},"image":{"@id":"https:\/\/sundirect.ee\/#\/schema\/logo\/image\/"}}]}},"_links":{"self":[{"href":"https:\/\/sundirect.ee\/et\/wp-json\/wp\/v2\/pages\/4248","targetHints":{"allow":["GET"]}}],"collection":[{"href":"https:\/\/sundirect.ee\/et\/wp-json\/wp\/v2\/pages"}],"about":[{"href":"https:\/\/sundirect.ee\/et\/wp-json\/wp\/v2\/types\/page"}],"author":[{"embeddable":true,"href":"https:\/\/sundirect.ee\/et\/wp-json\/wp\/v2\/users\/1"}],"replies":[{"embeddable":true,"href":"https:\/\/sundirect.ee\/et\/wp-json\/wp\/v2\/comments?post=4248"}],"version-history":[{"count":31,"href":"https:\/\/sundirect.ee\/et\/wp-json\/wp\/v2\/pages\/4248\/revisions"}],"predecessor-version":[{"id":4347,"href":"https:\/\/sundirect.ee\/et\/wp-json\/wp\/v2\/pages\/4248\/revisions\/4347"}],"wp:attachment":[{"href":"https:\/\/sundirect.ee\/et\/wp-json\/wp\/v2\/media?parent=4248"}],"curies":[{"name":"wp","href":"https:\/\/api.w.org\/{rel}","templated":true}]}}