{"id":4275,"date":"2021-11-09T13:32:42","date_gmt":"2021-11-09T13:32:42","guid":{"rendered":"https:\/\/sundirect.ee\/?page_id=4275"},"modified":"2021-11-09T13:47:54","modified_gmt":"2021-11-09T13:47:54","slug":"infrared-and-pv","status":"publish","type":"page","link":"https:\/\/sundirect.ee\/et\/infrapuna-ja-pv\/","title":{"rendered":"Infrapuna ja PV"},"content":{"rendered":"<div data-elementor-type=\"wp-page\" data-elementor-id=\"4275\" class=\"elementor elementor-4275\">\n\t\t\t\t\t\t\t\t\t<section class=\"elementor-section elementor-top-section elementor-element elementor-element-1de5e604 elementor-section-full_width elementor-section-height-min-height elementor-section-height-default elementor-section-items-middle\" data-id=\"1de5e604\" data-element_type=\"section\" data-settings=\"{&quot;background_background&quot;:&quot;classic&quot;}\">\n\t\t\t\t\t\t<div class=\"elementor-container elementor-column-gap-default\">\n\t\t\t\t\t<div class=\"elementor-column elementor-col-100 elementor-top-column elementor-element elementor-element-7729d640\" data-id=\"7729d640\" data-element_type=\"column\">\n\t\t\t<div class=\"elementor-widget-wrap elementor-element-populated\">\n\t\t\t\t\t\t\t\t<div class=\"elementor-element elementor-element-47a90001 elementor-widget elementor-widget-spacer\" data-id=\"47a90001\" data-element_type=\"widget\" data-widget_type=\"spacer.default\">\n\t\t\t\t<div class=\"elementor-widget-container\">\n\t\t\t\t\t<div class=\"elementor-spacer\">\n\t\t\t<div class=\"elementor-spacer-inner\"><\/div>\n\t\t<\/div>\n\t\t\t\t<\/div>\n\t\t\t\t<\/div>\n\t\t\t\t<section class=\"elementor-section elementor-inner-section elementor-element elementor-element-353ef107 elementor-section-boxed elementor-section-height-default elementor-section-height-default\" data-id=\"353ef107\" data-element_type=\"section\">\n\t\t\t\t\t\t<div class=\"elementor-container elementor-column-gap-default\">\n\t\t\t\t\t<div class=\"elementor-column elementor-col-100 elementor-inner-column elementor-element elementor-element-1a32994a\" data-id=\"1a32994a\" data-element_type=\"column\">\n\t\t\t<div class=\"elementor-widget-wrap elementor-element-populated\">\n\t\t\t\t\t\t\t\t<div class=\"elementor-element elementor-element-52441cc0 elementor-widget elementor-widget-text-editor\" data-id=\"52441cc0\" data-element_type=\"widget\" data-widget_type=\"text-editor.default\">\n\t\t\t\t<div class=\"elementor-widget-container\">\n\t\t\t\t\t\t\t<p class=\"text-center element-top-180 element-bottom-190 text-light os-animation bigger default animated fadeIn\" style=\"text-align: center;\" data-os-animation=\"fadeIn\" data-os-animation-delay=\"0s\"><span style=\"color: #ffffff;\">Infrapuna ja PV<\/span><\/p>\t\t\t\t\t\t<\/div>\n\t\t\t\t<\/div>\n\t\t\t\t\t<\/div>\n\t\t<\/div>\n\t\t\t\t\t\t\t<\/div>\n\t\t<\/section>\n\t\t\t\t\t<\/div>\n\t\t<\/div>\n\t\t\t\t\t\t\t<\/div>\n\t\t<\/section>\n\t\t\t\t<section class=\"elementor-section elementor-top-section elementor-element elementor-element-739eba0a elementor-section-boxed elementor-section-height-default elementor-section-height-default\" data-id=\"739eba0a\" data-element_type=\"section\">\n\t\t\t\t\t\t<div class=\"elementor-container elementor-column-gap-default\">\n\t\t\t\t\t<div class=\"elementor-column elementor-col-100 elementor-top-column elementor-element elementor-element-26de46d6\" data-id=\"26de46d6\" data-element_type=\"column\">\n\t\t\t<div class=\"elementor-widget-wrap elementor-element-populated\">\n\t\t\t\t\t\t\t\t<div class=\"elementor-element elementor-element-58daaafa elementor-widget elementor-widget-spacer\" data-id=\"58daaafa\" data-element_type=\"widget\" data-widget_type=\"spacer.default\">\n\t\t\t\t<div class=\"elementor-widget-container\">\n\t\t\t\t\t<div class=\"elementor-spacer\">\n\t\t\t<div class=\"elementor-spacer-inner\"><\/div>\n\t\t<\/div>\n\t\t\t\t<\/div>\n\t\t\t\t<\/div>\n\t\t\t\t\t<\/div>\n\t\t<\/div>\n\t\t\t\t\t\t\t<\/div>\n\t\t<\/section>\n\t\t\t\t<section class=\"elementor-section elementor-top-section elementor-element elementor-element-7066c3fb elementor-section-boxed elementor-section-height-default elementor-section-height-default\" data-id=\"7066c3fb\" data-element_type=\"section\">\n\t\t\t\t\t\t<div class=\"elementor-container elementor-column-gap-default\">\n\t\t\t\t\t<div class=\"elementor-column elementor-col-50 elementor-top-column elementor-element elementor-element-c444b5a\" data-id=\"c444b5a\" data-element_type=\"column\">\n\t\t\t<div class=\"elementor-widget-wrap elementor-element-populated\">\n\t\t\t\t\t\t\t\t<section class=\"elementor-section elementor-inner-section elementor-element elementor-element-3983d904 elementor-section-boxed elementor-section-height-default elementor-section-height-default\" data-id=\"3983d904\" data-element_type=\"section\">\n\t\t\t\t\t\t<div class=\"elementor-container elementor-column-gap-default\">\n\t\t\t\t\t<div class=\"elementor-column elementor-col-100 elementor-inner-column elementor-element elementor-element-76a04ada\" data-id=\"76a04ada\" data-element_type=\"column\">\n\t\t\t<div class=\"elementor-widget-wrap elementor-element-populated\">\n\t\t\t\t\t\t\t\t<div class=\"elementor-element elementor-element-625161d1 elementor-widget elementor-widget-text-editor\" data-id=\"625161d1\" data-element_type=\"widget\" data-widget_type=\"text-editor.default\">\n\t\t\t\t<div class=\"elementor-widget-container\">\n\t\t\t\t\t\t\t<p><strong>Tehnoloogia<\/strong><\/p>\t\t\t\t\t\t<\/div>\n\t\t\t\t<\/div>\n\t\t\t\t<div class=\"elementor-element elementor-element-1614c0fe elementor-widget elementor-widget-text-editor\" data-id=\"1614c0fe\" data-element_type=\"widget\" data-widget_type=\"text-editor.default\">\n\t\t\t\t<div class=\"elementor-widget-container\">\n\t\t\t\t\t\t\t<p class=\"element-bottom-30 pr30\"><a href=\"https:\/\/sundirect.ee\/et\/mis-on-infrapuna\/\" data-wplink-url-error=\"true\">Mis on infrapuna<\/a><\/p>\t\t\t\t\t\t<\/div>\n\t\t\t\t<\/div>\n\t\t\t\t<div class=\"elementor-element elementor-element-3765749c elementor-widget elementor-widget-text-editor\" data-id=\"3765749c\" data-element_type=\"widget\" data-widget_type=\"text-editor.default\">\n\t\t\t\t<div class=\"elementor-widget-container\">\n\t\t\t\t\t\t\t<p class=\"element-bottom-30 pr30\"><a href=\"https:\/\/sundirect.ee\/et\/why-far-infrared\/\" data-wplink-url-error=\"true\">Miks infrapuna<\/a><\/p>\t\t\t\t\t\t<\/div>\n\t\t\t\t<\/div>\n\t\t\t\t<div class=\"elementor-element elementor-element-5f429fdd elementor-widget elementor-widget-text-editor\" data-id=\"5f429fdd\" data-element_type=\"widget\" data-widget_type=\"text-editor.default\">\n\t\t\t\t<div class=\"elementor-widget-container\">\n\t\t\t\t\t\t\t<p class=\"element-bottom-30 pr30\"><a href=\"https:\/\/sundirect.ee\/et\/sundirect-lubab-kvaliteeti\/\" data-wplink-url-error=\"true\">Sundirect lubab kvaliteeti<\/a><\/p>\t\t\t\t\t\t<\/div>\n\t\t\t\t<\/div>\n\t\t\t\t<div class=\"elementor-element elementor-element-5c3b042f elementor-widget elementor-widget-text-editor\" data-id=\"5c3b042f\" data-element_type=\"widget\" data-widget_type=\"text-editor.default\">\n\t\t\t\t<div class=\"elementor-widget-container\">\n\t\t\t\t\t\t\t<p class=\"element-bottom-30 pr30\"><a href=\"https:\/\/sundirect.ee\/et\/infrapuna-ja-pv\/\" data-wplink-url-error=\"true\">Infrapuna ja PV<\/a><\/p>\t\t\t\t\t\t<\/div>\n\t\t\t\t<\/div>\n\t\t\t\t\t<\/div>\n\t\t<\/div>\n\t\t\t\t\t\t\t<\/div>\n\t\t<\/section>\n\t\t\t\t\t<\/div>\n\t\t<\/div>\n\t\t\t\t<div class=\"elementor-column elementor-col-50 elementor-top-column elementor-element elementor-element-503bfd50\" data-id=\"503bfd50\" data-element_type=\"column\">\n\t\t\t<div class=\"elementor-widget-wrap elementor-element-populated\">\n\t\t\t\t\t\t\t\t<div class=\"elementor-element elementor-element-b95f62e elementor-widget elementor-widget-text-editor\" data-id=\"b95f62e\" data-element_type=\"widget\" data-widget_type=\"text-editor.default\">\n\t\t\t\t<div class=\"elementor-widget-container\">\n\t\t\t\t\t\t\t<p>Infrapuna k\u00fctteseade ja p\u00e4ikeseenergia. Kas s\u00e4\u00e4stev k\u00fctmine elektrienergiaga on tegelikult v\u00f5imalik?<\/p>\t\t\t\t\t\t<\/div>\n\t\t\t\t<\/div>\n\t\t\t\t<div class=\"elementor-element elementor-element-29ec9228 elementor-widget elementor-widget-text-editor\" data-id=\"29ec9228\" data-element_type=\"widget\" data-widget_type=\"text-editor.default\">\n\t\t\t\t<div class=\"elementor-widget-container\">\n\t\t\t\t\t\t\t<p><img loading=\"lazy\" decoding=\"async\" class=\"alignnone size-full wp-image-1829 element-top-30 element-bottom-30\" src=\"https:\/\/www.sundirect-heater.com\/wp-content\/uploads\/2016\/12\/Infrarotheizung-Photovoltaik-Stromspeicher-2.jpg\" sizes=\"auto, (max-width: 750px) 100vw, 750px\" srcset=\"https:\/\/www.sundirect-heater.com\/wp-content\/uploads\/2016\/12\/Infrarotheizung-Photovoltaik-Stromspeicher-2.jpg 750w, https:\/\/www.sundirect-heater.com\/wp-content\/uploads\/2016\/12\/Infrarotheizung-Photovoltaik-Stromspeicher-2-300x200.jpg 300w, https:\/\/www.sundirect-heater.com\/wp-content\/uploads\/2016\/12\/Infrarotheizung-Photovoltaik-Stromspeicher-2-600x400.jpg 600w\" alt=\"Infrarotheizung Photovoltaik Stromspeicher\" width=\"750\" height=\"500\" \/><\/p><p>Elektri kasutamine k\u00fctmiseks oli pikka aega ebaefektiivne ja kallis. Kuid taastuvate energiaallikate levikuga hakkab fossiilsete k\u00fctuste asendamine ja kodude k\u00fctteviiside muutmine olema m\u00f5istlik. P\u00e4ikeseenergia, akude ja k\u00f5rgtehnoloogiliste infrapunak\u00fctteseadmete kombinatsioon on energiat\u00f5hus s\u00fcsteem, mis teeb just seda. Kuigi me p\u00fc\u00fcame juba praegu asendada s\u00fcsinikdioksiidi eraldavaid autosid elektriautodega k\u00fctte valdkonnas, j\u00e4\u00e4me me siiski oma vanade viiside juurde. Paljud v\u00e4idavad, et elektrienergiaga k\u00fctmine on liiga kallis, mist\u00f5ttu me j\u00e4\u00e4me fossiilsete k\u00fctuste juurde. Kuid kasvava n\u00f5udluse t\u00f5ttu saavad fossiilsed k\u00fctused l\u00f5puks otsa. Kas siis infrapunak\u00fctteseadmete ja taastuvenergia kasutamine on tegelik alternatiiv, mis on ka kuluefektiivne?<\/p><h5>Kuidas saame infrapunakiirguse abil rakendada s\u00e4\u00e4stvat energiakontseptsiooni?<\/h5><p>Infrapuna k\u00fctteseadmed kasutavad soojuse tootmiseks elektrit. Kaug-infrapunaseade soojendab seinu ja esemeid otse, mis seej\u00e4rel annavad soojuse aeglaselt tagasi ruumi. See teebki need nii t\u00f5husaks. Seega ei ole \u00fcks kWh, mida tarbib infrapunak\u00fcte, sama mis \u00fcks kWh, mida tarbib konvektsioonik\u00fcte. Te tunnete end soojana madalama \u00f5hutemperatuuri juures, nii et infrapunak\u00fctteseadmete puhul peate tegelikult v\u00e4hem k\u00fctma. Kui me kombineerime need energiat\u00f5husad infrapunak\u00fctteseadmed p\u00e4ikeses\u00fcsteemiga, loome keskkonnas\u00f5braliku energiakontseptsiooni.<\/p><h5>See j\u00e4tab meile kaks v\u00f5imalust:<\/h5><p>1. saate s\u00f5lmida oma energiapakkujaga lepingu, mis tagab 100% taastuvatest energiaallikatest toodetud energia.<\/p><p>2. te investeerite oma p\u00e4ikese- v\u00f5i tuules\u00fcsteemi. See valik s\u00f5ltub teie asukoha tuule v\u00f5i p\u00e4ikese hulgast, kuid enamikus asustatud kohtades ei ole v\u00e4ikesed tuuleturbiinid t\u00f5hus lahendus.<\/p><p>Kui kombineerite oma fotogalvaanilise s\u00fcsteemi akuga, saavutate s\u00f5ltumatuse oma energiapakkujast ja saate toodetud elektrienergiat t\u00f5husamalt kasutada.<\/p><p><img loading=\"lazy\" decoding=\"async\" class=\"alignnone size-full wp-image-1828 element-top-30 element-bottom-30\" src=\"https:\/\/www.sundirect-heater.com\/wp-content\/uploads\/2016\/12\/Infrarotheizung-Photovoltaik-Stromspeicher.jpg\" sizes=\"auto, (max-width: 750px) 100vw, 750px\" srcset=\"https:\/\/www.sundirect-heater.com\/wp-content\/uploads\/2016\/12\/Infrarotheizung-Photovoltaik-Stromspeicher.jpg 750w, https:\/\/www.sundirect-heater.com\/wp-content\/uploads\/2016\/12\/Infrarotheizung-Photovoltaik-Stromspeicher-300x200.jpg 300w, https:\/\/www.sundirect-heater.com\/wp-content\/uploads\/2016\/12\/Infrarotheizung-Photovoltaik-Stromspeicher-600x400.jpg 600w\" alt=\"Infrarotheizung Photovoltaik Stromspeicher\" width=\"750\" height=\"500\" \/><\/p><h5>Kuidas toimib infrapuna, p\u00e4ikeses\u00fcsteemi ja aku kombinatsioon?<\/h5><p>P\u00e4ikeses\u00fcsteem toodab elektrit, mida kasutavad teie elektriseadmed ja infrapunak\u00fcte. Samal ajal laetakse akusid, et anda energiat \u00f6\u00f6sel v\u00f5i vihma korral. Aku aitab teil kasutada v\u00f5imalikult palju p\u00e4ikeses\u00fcsteemi toodetud energiat. Kui akud on laetud ja teil on toodetud energia \u00fclej\u00e4\u00e4k, suunatakse see elektriv\u00f5rku ja te saate oma energiapakkujalt h\u00fcvitist (soodustariif). Ainult siis, kui teie akud on t\u00fchjad ja teie fotogalvaanilise s\u00fcsteemi toodetud energiast ei piisa teie vajaduste katmiseks, ostate elektriv\u00f5rgust elektrienergiat. Selline \u00fclesehitus v\u00f5imaldab, et teie p\u00e4ikeses\u00fcsteemist suvel saadav kasum v\u00f5ib tegelikult rahastada suurt osa teie k\u00fcttekuludest talvel.<\/p><h5>Infrapunak\u00fctteseadmed ja p\u00e4ikeseenergia: kas see on kulut\u00f5hus?<\/h5><p>See energiakontseptsioon v\u00f5ib olla kuluefektiivne nii uutes kui ka olemasolevates hoonetes. Kui teil on juba PV-s\u00fcsteem katusel, on infrapunak\u00fcte ja energiasalvestus enamasti fantastiline lahendus, kui soovite oma k\u00fcttes\u00fcsteemi asendada. M\u00f5nes riigis, n\u00e4iteks Saksamaal (2009-2011 ehitatud PV-s\u00fcsteemid), saate lisaks soodustariifile ka toetust teie p\u00e4ikeses\u00fcsteemi poolt toodetud omatarbitud energia eest. Isetarbitud elektrienergia koguse suurendamiseks on rahaliselt arukas kasutada elektrienergiat k\u00fctmiseks. Kuid isegi kui te kavatsete oma uude koju lihtsalt p\u00e4ikeses\u00fcsteemi paigaldada, on infrapunak\u00fcte koos p\u00e4ikeseenergia ja akuga paljudes riikides odavam kui fossiilsete k\u00fctuste, n\u00e4iteks gaasi kasutamine. Et n\u00e4idata teile p\u00e4ikesek\u00fcttega ja gaasik\u00fcttega kombineeritud infrapunak\u00fctteseadmete kulude v\u00f5rdlust, vaadake palun seda arvutust, mille koostasime Saksamaa ja Austria kohta, kus me jaotame investeerimis-, hooldus- ja tarbimiskulud 20 aasta jooksul.<\/p><h5>K\u00fctmine p\u00e4ikeseenergiaga. Kas mitte ainult suvel ei paista p\u00e4ike?<\/h5><p>V\u00e4ide, et p\u00e4ikesepaneeliga saab energiat toota ainult suvel ja talvel tuleb osta elektrit isegi tavalise majapidamise tarbimiseks, ei ole p\u00e4ris \u00f5ige. Loomulikult on ebarealistlik v\u00e4ita, et sellistes piirkondades nagu Saksamaa ja Austria saab selle kontseptsiooniga saavutada t\u00e4ielikku energias\u00f5ltumatust, kuid kriitikud ei arvesta sellega, et nendes kohtades on k\u00fctteperiood aastas umbes 180 p\u00e4eva, millest suur osa langeb p\u00e4ikesepaistelisele kevad- ja s\u00fcgisajale, mil p\u00e4ikeses\u00fcsteem suudab toota piisavalt energiat. Ja just nende aastaaegade t\u00f5ttu on PV ja infrapuna investeeringul v\u00e4ga palju m\u00f5tet.<\/p><p>V\u00f5tke meiega v\u00f5i \u00fchega meie edasim\u00fc\u00fcjatest juba t\u00e4na \u00fchendust, et saada oma kodu v\u00f5i ettev\u00f5tte jaoks kalkulatsioon. Teeme tihedat koost\u00f6\u00f6d mitmete p\u00e4ikeseenergia paigaldajatega ja n\u00e4itame teile hea meelega, kuidas saate parandada oma s\u00fcsinikujalaj\u00e4lge, s\u00e4\u00e4stes samal ajal tegelikult raha k\u00fctte pealt!<\/p>\t\t\t\t\t\t<\/div>\n\t\t\t\t<\/div>\n\t\t\t\t\t<\/div>\n\t\t<\/div>\n\t\t\t\t\t\t\t<\/div>\n\t\t<\/section>\n\t\t\t\t<section class=\"elementor-section elementor-top-section elementor-element elementor-element-34cec55f elementor-section-boxed elementor-section-height-default elementor-section-height-default\" data-id=\"34cec55f\" data-element_type=\"section\">\n\t\t\t\t\t\t<div class=\"elementor-container elementor-column-gap-default\">\n\t\t\t\t\t<div class=\"elementor-column elementor-col-100 elementor-top-column elementor-element elementor-element-7cf0d1fe\" data-id=\"7cf0d1fe\" data-element_type=\"column\">\n\t\t\t<div class=\"elementor-widget-wrap elementor-element-populated\">\n\t\t\t\t\t\t\t\t<div class=\"elementor-element elementor-element-2f3a2f9c elementor-widget elementor-widget-spacer\" data-id=\"2f3a2f9c\" data-element_type=\"widget\" data-widget_type=\"spacer.default\">\n\t\t\t\t<div class=\"elementor-widget-container\">\n\t\t\t\t\t<div class=\"elementor-spacer\">\n\t\t\t<div class=\"elementor-spacer-inner\"><\/div>\n\t\t<\/div>\n\t\t\t\t<\/div>\n\t\t\t\t<\/div>\n\t\t\t\t\t<\/div>\n\t\t<\/div>\n\t\t\t\t\t\t\t<\/div>\n\t\t<\/section>\n\t\t\t\t\t\t\t<\/div>","protected":false},"excerpt":{"rendered":"<p>Infrapuna- ja PV-tehnoloogia Mis on infrapuna Miks infrapuna Sundirect lubab kvaliteetset infrapuna- ja PV- infrapunakiirgust ja p\u00e4ikeseenergiat. Kas s\u00e4\u00e4stev k\u00fctmine elektriga on tegelikult v\u00f5imalik? Elektri kasutamine k\u00fctmiseks oli varem v\u00e4ga pikka aega ebaefektiivne ja kallis. Kuid taastuvenergia suurenemisega on see hakanud ...<\/p>\n<p class=\"read-more\"> <a class=\"\" href=\"https:\/\/sundirect.ee\/et\/infrapuna-ja-pv\/\"> <span class=\"screen-reader-text\">Infrapuna ja PV<\/span> Loe edasi \"<\/a><\/p>","protected":false},"author":1,"featured_media":0,"parent":0,"menu_order":0,"comment_status":"closed","ping_status":"closed","template":"elementor_header_footer","meta":{"site-sidebar-layout":"no-sidebar","site-content-layout":"page-builder","ast-main-header-display":"","ast-hfb-above-header-display":"","ast-hfb-below-header-display":"","ast-hfb-mobile-header-display":"","site-post-title":"disabled","ast-breadcrumbs-content":"","ast-featured-img":"disabled","footer-sml-layout":"","theme-transparent-header-meta":"","adv-header-id-meta":"","stick-header-meta":"","header-above-stick-meta":"","header-main-stick-meta":"","header-below-stick-meta":"","footnotes":""},"class_list":["post-4275","page","type-page","status-publish","hentry"],"yoast_head":"<!-- This site is optimized with the Yoast SEO plugin v27.5 - https:\/\/yoast.com\/product\/yoast-seo-wordpress\/ -->\n<title>Infrared and PV<\/title>\n<meta name=\"description\" content=\"Infrared and PV TechnologyWhat\u2019s far infraredWhy far infraredSundirect promises qualityInfrared and PVInfrared heater and solar power. Is sustainable\" \/>\n<meta name=\"robots\" content=\"index, follow, max-snippet:-1, max-image-preview:large, max-video-preview:-1\" \/>\n<link rel=\"canonical\" href=\"https:\/\/sundirect.ee\/et\/infrapuna-ja-pv\/\" \/>\n<meta property=\"og:locale\" content=\"et_EE\" \/>\n<meta property=\"og:type\" content=\"article\" \/>\n<meta property=\"og:title\" content=\"Infrared and PV\" \/>\n<meta property=\"og:description\" content=\"Infrared and PV TechnologyWhat\u2019s far infraredWhy far infraredSundirect promises qualityInfrared and PVInfrared heater and solar power. Is sustainable\" \/>\n<meta property=\"og:url\" content=\"https:\/\/sundirect.ee\/et\/infrapuna-ja-pv\/\" \/>\n<meta property=\"og:site_name\" content=\"Sundirect\" \/>\n<meta property=\"article:modified_time\" content=\"2021-11-09T13:47:54+00:00\" \/>\n<meta property=\"og:image\" content=\"https:\/\/www.sundirect-heater.com\/wp-content\/uploads\/2016\/12\/Infrarotheizung-Photovoltaik-Stromspeicher-2.jpg\" \/>\n<meta name=\"twitter:card\" content=\"summary_large_image\" \/>\n<meta name=\"twitter:label1\" content=\"Est. reading time\" \/>\n\t<meta name=\"twitter:data1\" content=\"4 minutit\" \/>\n<script type=\"application\/ld+json\" class=\"yoast-schema-graph\">{\"@context\":\"https:\\\/\\\/schema.org\",\"@graph\":[{\"@type\":\"WebPage\",\"@id\":\"https:\\\/\\\/sundirect.ee\\\/infrared-and-pv\\\/\",\"url\":\"https:\\\/\\\/sundirect.ee\\\/infrared-and-pv\\\/\",\"name\":\"Infrared and PV\",\"isPartOf\":{\"@id\":\"https:\\\/\\\/sundirect.ee\\\/#website\"},\"primaryImageOfPage\":{\"@id\":\"https:\\\/\\\/sundirect.ee\\\/infrared-and-pv\\\/#primaryimage\"},\"image\":{\"@id\":\"https:\\\/\\\/sundirect.ee\\\/infrared-and-pv\\\/#primaryimage\"},\"thumbnailUrl\":\"https:\\\/\\\/www.sundirect-heater.com\\\/wp-content\\\/uploads\\\/2016\\\/12\\\/Infrarotheizung-Photovoltaik-Stromspeicher-2.jpg\",\"datePublished\":\"2021-11-09T13:32:42+00:00\",\"dateModified\":\"2021-11-09T13:47:54+00:00\",\"description\":\"Infrared and PV TechnologyWhat\u2019s far infraredWhy far infraredSundirect promises qualityInfrared and PVInfrared heater and solar power. Is sustainable\",\"breadcrumb\":{\"@id\":\"https:\\\/\\\/sundirect.ee\\\/infrared-and-pv\\\/#breadcrumb\"},\"inLanguage\":\"et\",\"potentialAction\":[{\"@type\":\"ReadAction\",\"target\":[\"https:\\\/\\\/sundirect.ee\\\/infrared-and-pv\\\/\"]}]},{\"@type\":\"ImageObject\",\"inLanguage\":\"et\",\"@id\":\"https:\\\/\\\/sundirect.ee\\\/infrared-and-pv\\\/#primaryimage\",\"url\":\"https:\\\/\\\/www.sundirect-heater.com\\\/wp-content\\\/uploads\\\/2016\\\/12\\\/Infrarotheizung-Photovoltaik-Stromspeicher-2.jpg\",\"contentUrl\":\"https:\\\/\\\/www.sundirect-heater.com\\\/wp-content\\\/uploads\\\/2016\\\/12\\\/Infrarotheizung-Photovoltaik-Stromspeicher-2.jpg\"},{\"@type\":\"BreadcrumbList\",\"@id\":\"https:\\\/\\\/sundirect.ee\\\/infrared-and-pv\\\/#breadcrumb\",\"itemListElement\":[{\"@type\":\"ListItem\",\"position\":1,\"name\":\"Home\",\"item\":\"https:\\\/\\\/sundirect.ee\\\/\"},{\"@type\":\"ListItem\",\"position\":2,\"name\":\"Infrared and PV\"}]},{\"@type\":\"WebSite\",\"@id\":\"https:\\\/\\\/sundirect.ee\\\/#website\",\"url\":\"https:\\\/\\\/sundirect.ee\\\/\",\"name\":\"Sundirect\",\"description\":\"Infrapuna paneelid\",\"publisher\":{\"@id\":\"https:\\\/\\\/sundirect.ee\\\/#organization\"},\"potentialAction\":[{\"@type\":\"SearchAction\",\"target\":{\"@type\":\"EntryPoint\",\"urlTemplate\":\"https:\\\/\\\/sundirect.ee\\\/?s={search_term_string}\"},\"query-input\":{\"@type\":\"PropertyValueSpecification\",\"valueRequired\":true,\"valueName\":\"search_term_string\"}}],\"inLanguage\":\"et\"},{\"@type\":\"Organization\",\"@id\":\"https:\\\/\\\/sundirect.ee\\\/#organization\",\"name\":\"Hea Kaubandus O\u00dc\",\"url\":\"https:\\\/\\\/sundirect.ee\\\/\",\"logo\":{\"@type\":\"ImageObject\",\"inLanguage\":\"et\",\"@id\":\"https:\\\/\\\/sundirect.ee\\\/#\\\/schema\\\/logo\\\/image\\\/\",\"url\":\"https:\\\/\\\/sundirect.ee\\\/wp-content\\\/uploads\\\/2021\\\/10\\\/cropped-Sundirect-Logo-scaled-1.jpg\",\"contentUrl\":\"https:\\\/\\\/sundirect.ee\\\/wp-content\\\/uploads\\\/2021\\\/10\\\/cropped-Sundirect-Logo-scaled-1.jpg\",\"width\":2196,\"height\":444,\"caption\":\"Hea Kaubandus O\u00dc\"},\"image\":{\"@id\":\"https:\\\/\\\/sundirect.ee\\\/#\\\/schema\\\/logo\\\/image\\\/\"}}]}<\/script>\n<!-- \/ Yoast SEO plugin. -->","yoast_head_json":{"title":"Infrared and PV","description":"Infrared and PV TechnologyWhat\u2019s far infraredWhy far infraredSundirect promises qualityInfrared and PVInfrared heater and solar power. Is sustainable","robots":{"index":"index","follow":"follow","max-snippet":"max-snippet:-1","max-image-preview":"max-image-preview:large","max-video-preview":"max-video-preview:-1"},"canonical":"https:\/\/sundirect.ee\/et\/infrapuna-ja-pv\/","og_locale":"et_EE","og_type":"article","og_title":"Infrared and PV","og_description":"Infrared and PV TechnologyWhat\u2019s far infraredWhy far infraredSundirect promises qualityInfrared and PVInfrared heater and solar power. Is sustainable","og_url":"https:\/\/sundirect.ee\/et\/infrapuna-ja-pv\/","og_site_name":"Sundirect","article_modified_time":"2021-11-09T13:47:54+00:00","og_image":[{"url":"https:\/\/www.sundirect-heater.com\/wp-content\/uploads\/2016\/12\/Infrarotheizung-Photovoltaik-Stromspeicher-2.jpg","type":"","width":"","height":""}],"twitter_card":"summary_large_image","twitter_misc":{"Est. reading time":"4 minutit"},"schema":{"@context":"https:\/\/schema.org","@graph":[{"@type":"WebPage","@id":"https:\/\/sundirect.ee\/infrared-and-pv\/","url":"https:\/\/sundirect.ee\/infrared-and-pv\/","name":"Infrared and PV","isPartOf":{"@id":"https:\/\/sundirect.ee\/#website"},"primaryImageOfPage":{"@id":"https:\/\/sundirect.ee\/infrared-and-pv\/#primaryimage"},"image":{"@id":"https:\/\/sundirect.ee\/infrared-and-pv\/#primaryimage"},"thumbnailUrl":"https:\/\/www.sundirect-heater.com\/wp-content\/uploads\/2016\/12\/Infrarotheizung-Photovoltaik-Stromspeicher-2.jpg","datePublished":"2021-11-09T13:32:42+00:00","dateModified":"2021-11-09T13:47:54+00:00","description":"Infrared and PV TechnologyWhat\u2019s far infraredWhy far infraredSundirect promises qualityInfrared and PVInfrared heater and solar power. Is sustainable","breadcrumb":{"@id":"https:\/\/sundirect.ee\/infrared-and-pv\/#breadcrumb"},"inLanguage":"et","potentialAction":[{"@type":"ReadAction","target":["https:\/\/sundirect.ee\/infrared-and-pv\/"]}]},{"@type":"ImageObject","inLanguage":"et","@id":"https:\/\/sundirect.ee\/infrared-and-pv\/#primaryimage","url":"https:\/\/www.sundirect-heater.com\/wp-content\/uploads\/2016\/12\/Infrarotheizung-Photovoltaik-Stromspeicher-2.jpg","contentUrl":"https:\/\/www.sundirect-heater.com\/wp-content\/uploads\/2016\/12\/Infrarotheizung-Photovoltaik-Stromspeicher-2.jpg"},{"@type":"BreadcrumbList","@id":"https:\/\/sundirect.ee\/infrared-and-pv\/#breadcrumb","itemListElement":[{"@type":"ListItem","position":1,"name":"Home","item":"https:\/\/sundirect.ee\/"},{"@type":"ListItem","position":2,"name":"Infrared and PV"}]},{"@type":"WebSite","@id":"https:\/\/sundirect.ee\/#website","url":"https:\/\/sundirect.ee\/","name":"Sundirect","description":"Infrapuna paneelid","publisher":{"@id":"https:\/\/sundirect.ee\/#organization"},"potentialAction":[{"@type":"SearchAction","target":{"@type":"EntryPoint","urlTemplate":"https:\/\/sundirect.ee\/?s={search_term_string}"},"query-input":{"@type":"PropertyValueSpecification","valueRequired":true,"valueName":"search_term_string"}}],"inLanguage":"et"},{"@type":"Organization","@id":"https:\/\/sundirect.ee\/#organization","name":"Hea Kaubandus O\u00dc","url":"https:\/\/sundirect.ee\/","logo":{"@type":"ImageObject","inLanguage":"et","@id":"https:\/\/sundirect.ee\/#\/schema\/logo\/image\/","url":"https:\/\/sundirect.ee\/wp-content\/uploads\/2021\/10\/cropped-Sundirect-Logo-scaled-1.jpg","contentUrl":"https:\/\/sundirect.ee\/wp-content\/uploads\/2021\/10\/cropped-Sundirect-Logo-scaled-1.jpg","width":2196,"height":444,"caption":"Hea Kaubandus O\u00dc"},"image":{"@id":"https:\/\/sundirect.ee\/#\/schema\/logo\/image\/"}}]}},"_links":{"self":[{"href":"https:\/\/sundirect.ee\/et\/wp-json\/wp\/v2\/pages\/4275","targetHints":{"allow":["GET"]}}],"collection":[{"href":"https:\/\/sundirect.ee\/et\/wp-json\/wp\/v2\/pages"}],"about":[{"href":"https:\/\/sundirect.ee\/et\/wp-json\/wp\/v2\/types\/page"}],"author":[{"embeddable":true,"href":"https:\/\/sundirect.ee\/et\/wp-json\/wp\/v2\/users\/1"}],"replies":[{"embeddable":true,"href":"https:\/\/sundirect.ee\/et\/wp-json\/wp\/v2\/comments?post=4275"}],"version-history":[{"count":40,"href":"https:\/\/sundirect.ee\/et\/wp-json\/wp\/v2\/pages\/4275\/revisions"}],"predecessor-version":[{"id":4335,"href":"https:\/\/sundirect.ee\/et\/wp-json\/wp\/v2\/pages\/4275\/revisions\/4335"}],"wp:attachment":[{"href":"https:\/\/sundirect.ee\/et\/wp-json\/wp\/v2\/media?parent=4275"}],"curies":[{"name":"wp","href":"https:\/\/api.w.org\/{rel}","templated":true}]}}